{"id":4683,"date":"2024-02-08T14:11:07","date_gmt":"2024-02-08T13:11:07","guid":{"rendered":"https:\/\/campingclara.com\/?page_id=4683"},"modified":"2025-12-15T12:02:44","modified_gmt":"2025-12-15T11:02:44","slug":"campingplatzordnung","status":"publish","type":"page","link":"https:\/\/campingclara.com\/de\/reglament-del-camping\/","title":{"rendered":"Campingordnung"},"content":{"rendered":"<div data-elementor-type=\"wp-page\" data-elementor-id=\"4683\" class=\"elementor elementor-4683\" data-elementor-post-type=\"page\">\n\t\t\t\t<div class=\"elementor-element elementor-element-ad2f217 e-flex e-con-boxed e-con e-parent\" data-id=\"ad2f217\" data-element_type=\"container\" data-e-type=\"container\" data-settings=\"{&quot;background_background&quot;:&quot;classic&quot;,&quot;jet_parallax_layout_list&quot;:[]}\">\n\t\t\t\t\t<div class=\"e-con-inner\">\n\t\t\t\t\t<\/div>\n\t\t\t\t<\/div>\n\t\t<div class=\"elementor-element elementor-element-f2c62be e-flex e-con-boxed e-con e-parent\" data-id=\"f2c62be\" data-element_type=\"container\" data-e-type=\"container\" data-settings=\"{&quot;background_background&quot;:&quot;classic&quot;,&quot;jet_parallax_layout_list&quot;:[]}\">\n\t\t\t\t\t<div class=\"e-con-inner\">\n\t\t\t\t<div class=\"elementor-element elementor-element-8940e71 elementor-widget elementor-widget-text-editor\" data-id=\"8940e71\" data-element_type=\"widget\" data-e-type=\"widget\" data-widget_type=\"text-editor.default\">\n\t\t\t\t<div class=\"elementor-widget-container\">\n\t\t\t\t\t\t\t\t\t<p>Der Campingplatz verf\u00fcgt \u00fcber eine interne Regelung, die jeder einhalten muss, der sich auf dem Campingplatz anmeldet und\/oder ihn betritt.<\/p><p>Alle \u00f6ffentlich zug\u00e4nglichen Sonderbestimmungen des Campingplatzes sind Bestandteil dieser Regelung.<\/p><ul><li><strong>CAMPINGZUGANG:<\/strong>\u00a0Der Zugang zum Campingplatz und die Nutzung seiner Dienstleistungen ist denjenigen vorbehalten, die dort ihren Aufenthalt gebucht haben. Die Campingplatzleitung beh\u00e4lt sich das Recht vor, G\u00e4ste, die die Ruhe st\u00f6ren, die Grundregeln des sozialen Zusammenlebens und der Erziehung nicht einhalten und im Allgemeinen die Grunds\u00e4tze des zivilisierten Lebens, wie sie in dieser offiziellen Verordnung und im internen Campingreglement des FCC festgelegt sind, nicht zuzulassen und vom Vertrag zur\u00fcckzutreten.<\/li><li><strong>REZEPTION:\u00a0<\/strong>Wir stehen Ihnen gerne zur Verf\u00fcgung, um Sie pers\u00f6nlich zu betreuen und Sie \u00fcber die Dienstleistungen zu informieren, die der Campingplatz und die Umgebung bieten, wie zum Beispiel: Reservierungen, Touristeninformationen, Faxservice, Ticketverkauf, Ausfl\u00fcge, Postkarten, Briefmarken und WLAN-Verbindungen oder die Vermietung von Safes, Fahrr\u00e4dern und K\u00fchlschr\u00e4nken. F\u00fcr weitere Informationen stehen wir Ihnen gerne zur Verf\u00fcgung.<\/li><li><strong>ANMELDUNG:\u00a0<\/strong>Der Kunde muss bei seiner Ankunft an der Rezeption einen Anmeldevertrag abschlie\u00dfen und dabei die genaue Anzahl der Personen, Fahrzeuge und aller anderen geb\u00fchrenpflichtigen Gegenst\u00e4nde angeben. Der Vertrag wird vom Kunden unterzeichnet, der damit dessen Bestimmungen akzeptiert. Jede \u00c4nderung der Angaben muss der Rezeption unverz\u00fcglich mitgeteilt werden. Der Inhaber des Anmeldeformulars muss vollj\u00e4hrig sein und haftet f\u00fcr alle Handlungen und Sch\u00e4den, die er und\/oder seine Begleiter verursachen. Der Aufenthalt wird bei der Anmeldung vollst\u00e4ndig bezahlt.<\/li><li><strong>GRUNDST\u00dcCKE:<\/strong>\u00a0Ankunftszeit ist von 12:00 bis 23:00 Uhr. Die maximale Anzahl der Bewohner pro Stellplatz betr\u00e4gt 6 Personen, Kinder inbegriffen. Erst wenn Sie \u00fcber den Einzugsvertrag verf\u00fcgen, in dem die Grundst\u00fccksnummer angegeben ist, k\u00f6nnen Sie Ihr Grundst\u00fcck beziehen.<\/li><\/ul><p>Das Empfangs- und Aufsichtspersonal zeigt Ihnen den zu nutzenden Standort an und gibt Anweisungen f\u00fcr die korrekte Installation. Beispielsweise befindet sich das K\u00fcchenlager auf der Stra\u00dfenseite und muss Platz f\u00fcr das Auto lassen.<\/p><p>Es ist strengstens verboten, den Ihnen zugeteilten Stellplatz ohne vorherige Benachrichtigung der Rezeption zu \u00e4ndern. Ebenso ist es verboten, Markisen, Sonnenschirme, Trennz\u00e4une anzubringen, Seile an B\u00e4umen mit einer H\u00f6he von weniger als 1,80 m zu befestigen oder andere Elemente ohne vorherige Genehmigung zu verwenden.<\/p><p>Das Fahrzeug muss innerhalb des Grundst\u00fccks bleiben (sofern es dies zul\u00e4sst) oder an dem ihm vom Empfangs- oder \u00dcberwachungspersonal zugewiesenen Platz. Das Abstellen des Fahrzeugs auf unbesetzten Stellpl\u00e4tzen oder in den Stra\u00dfen des Campingplatzes ist nicht gestattet.<\/p><p>Abreise: Der Campingtag endet um 12:00 Uhr. Bei einer Abreise nach dieser Zeit wird ein zus\u00e4tzlicher Tag berechnet.<\/p><ul><li><strong>UNTERK\u00dcNFTE:\u00a0<\/strong>Anreisezeit ist ab 16:00 Uhr. Erst wenn Sie einen Einzugsvertrag mit Angabe der Unterkunftsnummer haben, k\u00f6nnen Sie Ihre Unterkunft beziehen. Das Aufstellen von Zelten jeglicher Art au\u00dferhalb der Unterkunft ist nicht gestattet. Alle Unterk\u00fcnfte verf\u00fcgen \u00fcber ein Inventar, in dem die bereitgestellten Utensilien aufgelistet sind. Wenn Sie feststellen, dass etwas fehlt, z\u00f6gern Sie nicht, die Rezeption zu informieren, damit es ersetzt werden kann. In den Unterk\u00fcnften sind keine Bettw\u00e4sche und Handt\u00fccher enthalten, sofern dies nicht in Ihrer Reservierung vorgesehen ist. Bei der Anmeldung wird eine Kaution in H\u00f6he von 100 \u20ac verlangt, die Ihnen bei der Abreise zur\u00fcckerstattet wird, sofern Sie die Unterkunft in einem ordnungsgem\u00e4\u00dfen Zustand hinterlassen. Parken Sie Ihr Fahrzeug ausschlie\u00dflich auf dem daf\u00fcr vorgesehenen Platz (pro Unterkunft ist nur ein Fahrzeug erlaubt).<\/li><\/ul><p>Abreise: Die Unterkunft muss bis 12:00 Uhr ger\u00e4umt sein.<\/p><ul><li><strong>ZAHLUNG DES AUFENTHALTS:\u00a0<\/strong>Bei der Ankunft m\u00fcssen Sie den gesamten Aufenthalt bezahlen. Wir akzeptieren Bargeld und Kredit-\/Debitkarten. Sofern Ihre Anreise sp\u00e4ter als der vereinbarte Anreisetag erfolgte (immer mit vorheriger schriftlicher Ank\u00fcndigung) und\/oder die Abreise vor dem vereinbarten Abreisetag erfolgte, m\u00fcssen Sie den gesamten vereinbarten Aufenthalt bezahlen.<\/li><\/ul><p>Bei Pauschalpreisen richten sich die Zahlungsbedingungen nach Ihrem individuellen Vertrag.<\/p><ul><li><strong>BESUCHE:<\/strong>\u00a0Der Zutritt ist grunds\u00e4tzlich bei der Anmeldung an der Rezeption unter Vorlage des Personalausweises oder Reisepasses m\u00f6glich. Dauert der Besuch l\u00e4nger als 2 Stunden, ist eine Bezahlung nach dem aktuellen Tarif erforderlich. Besucher haben kein Recht, mit ihrem Fahrzeug auf den Campingplatz zu fahren.<\/li><li><strong>Ruhezeit<\/strong>\u00a0(von 14:00 bis 17:00 Uhr und von 22:00 bis 0:00 Uhr): W\u00e4hrend der Ruhezeiten werden die Camper gebeten, die Lautst\u00e4rke von Radios, Fernsehern und \u00e4hnlichen Ger\u00e4ten herunterzudrehen.<\/li><li><strong>STILLE ZEIT<\/strong>\u00a0(24:00 bis 8:00 Uhr). W\u00e4hrend dieser Stunden ist zum Wohle aller absolute Ruhe zu herrschen und der Verkehr mit Fahrzeugen ist nicht gestattet. Um die Nachbarn nicht zu st\u00f6ren, ist es w\u00e4hrend dieser Zeiten ebenfalls nicht gestattet, M\u00fcll in die Container zu werfen oder die Waschbecken und Waschr\u00e4ume zu benutzen. Fernseher, Radios und \u00c4hnliches sind in angemessener Lautst\u00e4rke erlaubt. Wenn die Gesch\u00e4ftsleitung es jedoch f\u00fcr angebracht h\u00e4lt, kann sie deren Verwendung untersagen.<\/li><li><strong>Unbesetzte Zelte oder Wohnwagen:<\/strong>\u00a0Unbenutzte und ohne Genehmigung der Rezeption zur\u00fcckgelassene Ausr\u00fcstung gilt als vom Eigent\u00fcmer zur\u00fcckgelassen und wird vom Personal des Campingplatzes entfernt. Dieses kann frei dar\u00fcber verf\u00fcgen und ist von jeglicher Haftung f\u00fcr sp\u00e4teren Verlust oder Besch\u00e4digung befreit.<\/li><li><strong>FAHRZEUGVERKEHR:<\/strong>\u00a0\u00a0Die maximal zul\u00e4ssige Geschwindigkeit innerhalb des Geh\u00e4uses betr\u00e4gt 10 km\/h. Um die Ruhe der anderen Camper nicht zu st\u00f6ren, benutzen Sie das Fahrzeug bitte nicht w\u00e4hrend der Ruhezeiten. Von 24:00 bis 8:00 Uhr ist die Nutzung des Fahrzeugs v\u00f6llig verboten, au\u00dfer in zuvor genehmigten Notsituationen. Alle Personen, die w\u00e4hrend der Ruhezeiten ankommen oder abreisen m\u00f6chten, m\u00fcssen ihr Fahrzeug au\u00dferhalb des Campingplatzes parken.<\/li><\/ul><p>Die unn\u00f6tige Nutzung von Kraftfahrzeugen innerhalb des Campingplatzes ist verboten.<\/p><ul><li><strong>FAHRR\u00c4DER:\u00a0<\/strong>Gef\u00e4hrliches oder wettbewerbsorientiertes Fahren ist absolut verboten, ebenso die Nutzung zwischen 21:00 Uhr und 6:00 Uhr. und 8:00 Uhr. Radfahrer m\u00fcssen die Verkehrszeichen jederzeit beachten.<\/li><li><strong>HAUSTIERE:<\/strong>\u00a0Auf den Stellpl\u00e4tzen und in einigen Unterk\u00fcnften sind sie nach Anmeldung erlaubt. Es ist notwendig, sie st\u00e4ndig anzubinden und unter Kontrolle zu halten (es ist nicht erlaubt, sie allein zu lassen). Gem\u00e4\u00df dem Heimtiergesetz m\u00fcssen sie ordnungsgem\u00e4\u00df gekennzeichnet sein und \u00fcber eine g\u00fcltige Haftpflichtversicherung, ein Gesundheitszeugnis und ein Muster eines tier\u00e4rztlichen Attests oder Reisepasses entsprechend ihrer Art verf\u00fcgen. Hunde, die gem\u00e4\u00df den Vorschriften der Generalitat de Catalunya als gef\u00e4hrlich gelten, sind nicht erlaubt.<\/li><\/ul><p>Falls Haustiere auf dem Campingplatz ihr Gesch\u00e4ft verrichten, ist der Besitzer verpflichtet, die Notdurft zu beseitigen und haftet f\u00fcr alle Sch\u00e4den, die sie verursachen. Der Zutritt zu den Toiletten, der Bar, dem Restaurant, dem Supermarkt und der Rezeption ist untersagt.<\/p><ul><li><strong>KINDERPARK:<\/strong>\u00a0Ausschlie\u00dfliche Nutzung f\u00fcr Kinder zwischen 3 und 10 Jahren, die von einem Erwachsenen begleitet werden m\u00fcssen. Diese Bereiche sind nicht \u00fcberwacht. Der Campingplatz lehnt jede Verantwortung gegen\u00fcber den Eltern\/Erziehungsberechtigten ab, die f\u00fcr die Sicherheit ihres Kindes verantwortlich sind.<\/li><li><strong>QUELLEN:<\/strong>\u00a0Die Brunnen des Campingplatzes liefern Trinkwasser und dienen daher ausschlie\u00dflich der Wasserentnahme. Aus offensichtlichen hygienischen Gr\u00fcnden ist es nicht gestattet, die Brunnen f\u00fcr jegliche Art der pers\u00f6nlichen oder sonstigen Hygiene zu verwenden, wie etwa: das Waschen von F\u00fc\u00dfen, Schuhen oder Tieren. Zum Reinigen von K\u00fcchenutensilien und Kleidung stehen entsprechende Sp\u00fclbecken zur Verf\u00fcgung. Nat\u00fcrlich d\u00fcrfen Sie keine Substanzen jeglicher Art, wie etwa Essensreste oder die Chemietoilette, entsorgen.<\/li><li><strong>ABWASSER:<\/strong>\u00a0Die Verwendung der entsprechenden Beh\u00e4lter ist obligatorisch und diese d\u00fcrfen nur und ausschlie\u00dflich in den Chemietoiletten im Sanit\u00e4rgeb\u00e4ude entleert werden.<\/li><li><strong>STROMVERSORGUNG:<\/strong>\u00a0Die Elektrokabel m\u00fcssen \u00fcber einen Erdungsanschluss verf\u00fcgen und ordnungsgem\u00e4\u00df isoliert sein. Externe Verbindungen sind nicht zul\u00e4ssig. Jedes Grundst\u00fcck verf\u00fcgt \u00fcber einen eigenen Stromanschluss. Aus Sicherheitsgr\u00fcnden wird empfohlen, den Strom abzuschalten, wenn Sie nicht \u00fcber Nacht bleiben. Die T\u00fcren der Versorgungsboxen m\u00fcssen stets geschlossen sein.<\/li><li><strong>WASCHANLAGE:<\/strong>\u00a0Der Campingplatz verf\u00fcgt \u00fcber einen speziellen Bereich zum Autowaschen. Das Reinigen an anderen Orten ist verboten.<\/li><li><strong>PLAKATE:<\/strong>\u00a0Das Anbringen von Plakaten an den M\u00f6beln oder B\u00e4umen des Campingplatzes ist strengstens verboten.<\/li><li><strong>GRILLEN:<\/strong>\u00a0Es ist verboten, auf dem Grundst\u00fcck Feuer jeglicher Art zu entz\u00fcnden, mit Ausnahme von Butangaskochern oder tragbaren Grills mit Holzkohle. Halten Sie sich dabei immer von Wohnwagen, Gesch\u00e4ften, B\u00e4umen und Vegetation fern (empfohlen im Bereich des Grundst\u00fccks, der an die Stra\u00dfe grenzt) und treffen Sie die maximalen Sicherheitsma\u00dfnahmen, sofern die Witterungsbedingungen es zulassen. Diese Regel kann je nach den forstwirtschaftlichen Schutzma\u00dfnahmen der Generalitat de Catalunya variieren.<\/li><li><strong>G\u00c4RTEN:<\/strong>\u00a0Sie respektieren Pflanzen, B\u00e4ume und G\u00e4rten.<\/li><li><strong>W\u00c4SCHEREI:<\/strong>\u00a0Der Campingplatz verf\u00fcgt \u00fcber Waschmaschinen und Trockner zur Selbstbedienung. Die Campingleitung haftet nicht f\u00fcr eventuelle Besch\u00e4digungen, Ausbleichen oder sonstige Sch\u00e4den an der Kleidung. Wenn Sie einen B\u00fcgelservice ben\u00f6tigen, wenden Sie sich bitte an die Rezeption.<\/li><li><strong>M\u00dcLL:\u00a0<\/strong>Der Campingplatz verf\u00fcgt \u00fcber eine getrennte M\u00fcllabfuhr. Bitte helfen Sie uns, die Umwelt zu respektieren, indem Sie den M\u00fcll in den daf\u00fcr vorgesehenen Beh\u00e4ltern entsorgen und niemals auf den Stellpl\u00e4tzen oder in den Gemeinschaftsbereichen entsorgen.<\/li><li><strong>SICHERHEIT:\u00a0<\/strong>Die Gesch\u00e4ftsleitung haftet nicht f\u00fcr Diebstahl, Verlust oder Sch\u00e4den, die w\u00e4hrend Ihres Aufenthalts auf dem Campingplatz entstehen. Wir empfehlen Ihnen daher, keine Wertgegenst\u00e4nde offen liegen zu lassen und beim Verlassen Ihrer Unterkunft T\u00fcren und Fenster zu schlie\u00dfen. F\u00fcr mehr Sicherheit k\u00f6nnen Sie den Safe-Mietservice an der Rezeption nutzen. Ebenso wird keine Haftung f\u00fcr Sch\u00e4den \u00fcbernommen, die durch Sturm, Feuer oder h\u00f6here Gewalt entstehen. Jeder Camper muss \u00fcber eine Haftpflichtversicherung verf\u00fcgen.<\/li><li><strong>BESCHWERDEN UND VORSCHL\u00c4GE:\u00a0<\/strong>Jeder Kunde ist verpflichtet, s\u00e4mtliche Einrichtungen und Zubeh\u00f6rteile in einwandfreiem Zustand zu halten, zu pflegen und zu warten. Eventuelle Sch\u00e4den, Besch\u00e4digungen oder Zerst\u00f6rungen m\u00fcssen dem Campingplatz vollst\u00e4ndig ersetzt werden.<\/li><\/ul><p>Um die Einrichtungen und Dienstleistungen zu verbessern, informieren Sie uns bitte \u00fcber die von Ihnen beobachteten Anomalien und wenden Sie sich mit Vorschl\u00e4gen oder Beschwerden jeglicher Art an die Rezeption. Unser Wunsch ist es, die Einrichtungen und Dienstleistungen Tag f\u00fcr Tag zu verbessern.<\/p><p><strong>Wir danken Ihnen f\u00fcr Ihre Mitarbeit und w\u00fcnschen Ihnen einen angenehmen Aufenthalt im Camping Clar\u00e0.\u00a0<\/strong><\/p>\t\t\t\t\t\t\t\t<\/div>\n\t\t\t\t<\/div>\n\t\t\t\t\t<\/div>\n\t\t\t\t<\/div>\n\t\t\t\t<\/div>","protected":false},"excerpt":{"rendered":"<p>El camping dispone de un reglamento interno que cualquier persona que se inscriba en el camping y\/o acceda tiene la obligaci\u00f3n de cumplir. Forma parte de este reglamento cualquier disposici\u00f3n particular del Camping que se exponga p\u00fablicamente. ACCESO CAMPING:\u00a0El acceso al terreno del camping y la utilizaci\u00f3n de sus servicios est\u00e1 reservado para quienes hayan [&hellip;]<\/p>\n","protected":false},"author":6,"featured_media":0,"parent":0,"menu_order":0,"comment_status":"closed","ping_status":"closed","template":"","meta":{"site-sidebar-layout":"no-sidebar","site-content-layout":"page-builder","ast-site-content-layout":"full-width-container","site-content-style":"default","site-sidebar-style":"default","ast-global-header-display":"","ast-banner-title-visibility":"","ast-main-header-display":"","ast-hfb-above-header-display":"","ast-hfb-below-header-display":"","ast-hfb-mobile-header-display":"","site-post-title":"disabled","ast-breadcrumbs-content":"","ast-featured-img":"disabled","footer-sml-layout":"","ast-disable-related-posts":"","theme-transparent-header-meta":"","adv-header-id-meta":"","stick-header-meta":"","header-above-stick-meta":"","header-main-stick-meta":"","header-below-stick-meta":"","astra-migrate-meta-layouts":"set","ast-page-background-enabled":"default","ast-page-background-meta":{"desktop":{"background-color":"","background-image":"","background-repeat":"repeat","background-position":"center center","background-size":"auto","background-attachment":"scroll","background-type":"","background-media":"","overlay-type":"","overlay-color":"","overlay-opacity":"","overlay-gradient":""},"tablet":{"background-color":"","background-image":"","background-repeat":"repeat","background-position":"center center","background-size":"auto","background-attachment":"scroll","background-type":"","background-media":"","overlay-type":"","overlay-color":"","overlay-opacity":"","overlay-gradient":""},"mobile":{"background-color":"","background-image":"","background-repeat":"repeat","background-position":"center center","background-size":"auto","background-attachment":"scroll","background-type":"","background-media":"","overlay-type":"","overlay-color":"","overlay-opacity":"","overlay-gradient":""}},"ast-content-background-meta":{"desktop":{"background-color":"var(--ast-global-color-5)","background-image":"","background-repeat":"repeat","background-position":"center center","background-size":"auto","background-attachment":"scroll","background-type":"","background-media":"","overlay-type":"","overlay-color":"","overlay-opacity":"","overlay-gradient":""},"tablet":{"background-color":"var(--ast-global-color-5)","background-image":"","background-repeat":"repeat","background-position":"center center","background-size":"auto","background-attachment":"scroll","background-type":"","background-media":"","overlay-type":"","overlay-color":"","overlay-opacity":"","overlay-gradient":""},"mobile":{"background-color":"var(--ast-global-color-5)","background-image":"","background-repeat":"repeat","background-position":"center center","background-size":"auto","background-attachment":"scroll","background-type":"","background-media":"","overlay-type":"","overlay-color":"","overlay-opacity":"","overlay-gradient":""}},"footnotes":""},"class_list":["post-4683","page","type-page","status-publish","hentry"],"_links":{"self":[{"href":"https:\/\/campingclara.com\/de\/wp-json\/wp\/v2\/pages\/4683","targetHints":{"allow":["GET"]}}],"collection":[{"href":"https:\/\/campingclara.com\/de\/wp-json\/wp\/v2\/pages"}],"about":[{"href":"https:\/\/campingclara.com\/de\/wp-json\/wp\/v2\/types\/page"}],"author":[{"embeddable":true,"href":"https:\/\/campingclara.com\/de\/wp-json\/wp\/v2\/users\/6"}],"replies":[{"embeddable":true,"href":"https:\/\/campingclara.com\/de\/wp-json\/wp\/v2\/comments?post=4683"}],"version-history":[{"count":1,"href":"https:\/\/campingclara.com\/de\/wp-json\/wp\/v2\/pages\/4683\/revisions"}],"predecessor-version":[{"id":6220,"href":"https:\/\/campingclara.com\/de\/wp-json\/wp\/v2\/pages\/4683\/revisions\/6220"}],"wp:attachment":[{"href":"https:\/\/campingclara.com\/de\/wp-json\/wp\/v2\/media?parent=4683"}],"curies":[{"name":"wp","href":"https:\/\/api.w.org\/{rel}","templated":true}]}}