{"id":5035,"date":"2024-02-12T11:43:29","date_gmt":"2024-02-12T10:43:29","guid":{"rendered":"https:\/\/campingclara.com\/?page_id=5035"},"modified":"2025-09-22T15:24:17","modified_gmt":"2025-09-22T13:24:17","slug":"campingdienstleistungen-in-torredembarra-3","status":"publish","type":"page","link":"https:\/\/campingclara.com\/de\/serveis-del-camping-a-torredembarra\/","title":{"rendered":"Leistungen"},"content":{"rendered":"<div data-elementor-type=\"wp-page\" data-elementor-id=\"5035\" class=\"elementor elementor-5035\" data-elementor-post-type=\"page\">\n\t\t\t\t<div class=\"elementor-element elementor-element-233e728 e-flex e-con-boxed e-con e-parent\" data-id=\"233e728\" data-element_type=\"container\" data-e-type=\"container\" data-settings=\"{&quot;background_background&quot;:&quot;classic&quot;,&quot;jet_parallax_layout_list&quot;:[]}\">\n\t\t\t\t\t<div class=\"e-con-inner\">\n\t\t<div class=\"elementor-element elementor-element-65c83e8 e-con-full e-flex e-con e-child\" data-id=\"65c83e8\" data-element_type=\"container\" data-e-type=\"container\" data-settings=\"{&quot;jet_parallax_layout_list&quot;:[]}\">\n\t\t\t\t<div class=\"elementor-element elementor-element-bd7015f elementor-widget elementor-widget-heading\" data-id=\"bd7015f\" data-element_type=\"widget\" data-e-type=\"widget\" data-widget_type=\"heading.default\">\n\t\t\t\t<div class=\"elementor-widget-container\">\n\t\t\t\t\t<h1 class=\"elementor-heading-title elementor-size-default\">Camping-Dienstleistungen in Torredembarra<\/h1>\t\t\t\t<\/div>\n\t\t\t\t<\/div>\n\t\t\t\t<\/div>\n\t\t\t\t\t<\/div>\n\t\t\t\t<\/div>\n\t\t<div class=\"elementor-element elementor-element-9f92a0f e-flex e-con-boxed e-con e-parent\" data-id=\"9f92a0f\" data-element_type=\"container\" data-e-type=\"container\" data-settings=\"{&quot;jet_parallax_layout_list&quot;:[]}\">\n\t\t\t\t\t<div class=\"e-con-inner\">\n\t\t\t\t<div class=\"elementor-element elementor-element-ac10e70 elementor-widget elementor-widget-heading\" data-id=\"ac10e70\" data-element_type=\"widget\" data-e-type=\"widget\" data-widget_type=\"heading.default\">\n\t\t\t\t<div class=\"elementor-widget-container\">\n\t\t\t\t\t<h2 class=\"elementor-heading-title elementor-size-default\">Bei Camping Clar\u00e0 m\u00f6chten wir, dass Sie sich wie zu Hause f\u00fchlen.<\/h2>\t\t\t\t<\/div>\n\t\t\t\t<\/div>\n\t\t\t\t<div class=\"elementor-element elementor-element-c0b86db elementor-widget elementor-widget-text-editor\" data-id=\"c0b86db\" data-element_type=\"widget\" data-e-type=\"widget\" data-widget_type=\"text-editor.default\">\n\t\t\t\t<div class=\"elementor-widget-container\">\n\t\t\t\t\t\t\t\t\t<p data-start=\"365\" data-end=\"590\">Von Anfang an steht Ihnen ein Team zur Seite, das Ihnen bei allem, was Sie brauchen, zur Seite steht. Unsere Idee ist klar: Ihren Aufenthalt komfortabel, sicher und unkompliziert zu gestalten, damit Sie sich nur auf das Vergn\u00fcgen konzentrieren k\u00f6nnen.<\/p><h3 data-start=\"592\" data-end=\"611\">Was bieten wir Ihnen?<\/h3><p data-start=\"614\" data-end=\"708\"><strong data-start=\"614\" data-end=\"640\">Rezeption immer bereit<\/strong> um Ihnen zu helfen und Ihnen Aktivit\u00e4ten und Erlebnisse in der Umgebung zu empfehlen.<\/p><p data-start=\"711\" data-end=\"795\"><strong data-start=\"711\" data-end=\"745\">Unterhaltung f\u00fcr die ganze Familie<\/strong>: Miniclub, Spielplatz und abwechslungsreiche Aktivit\u00e4ten.<\/p><p data-start=\"798\" data-end=\"887\"><strong data-start=\"798\" data-end=\"822\">Komfortservices<\/strong>: W\u00e4scherei mit Waschmaschinen, Bibliothek und Fahrradverleih.<\/p><p data-start=\"890\" data-end=\"973\"><strong data-start=\"890\" data-end=\"931\">Bar-Restaurant mit mediterraner K\u00fcche<\/strong>, Sie m\u00fcssen sich also um nichts k\u00fcmmern.<\/p><p data-start=\"976\" data-end=\"1062\"><strong data-start=\"976\" data-end=\"1018\">Stellpl\u00e4tze f\u00fcr Caravans und Wohnmobile<\/strong>, mit allen Einrichtungen, die Sie brauchen.<\/p><p data-start=\"1065\" data-end=\"1138\"><strong data-start=\"1065\" data-end=\"1089\">Haustiere willkommen<\/strong>: damit die Ferien auch f\u00fcr sie etwas sind.<\/p><p data-start=\"1065\" data-end=\"1138\"><strong data-start=\"1141\" data-end=\"1170\">Direkter Zugang zum Strand<\/strong>, Sauberkeit und Ruhe gew\u00e4hrleistet.<\/p><p data-start=\"1213\" data-end=\"1392\">Bei Camping Clar\u00e0 ist alles darauf ausgerichtet, dass Sie und Ihre Lieben einen entspannten und famili\u00e4ren Aufenthalt genie\u00dfen, mit dem Hauch von Spa\u00df und Authentizit\u00e4t, der den Urlaub zu etwas Besonderem macht.<\/p>\t\t\t\t\t\t\t\t<\/div>\n\t\t\t\t<\/div>\n\t\t\t\t\t<\/div>\n\t\t\t\t<\/div>\n\t\t<div class=\"elementor-element elementor-element-184b5397 e-con-full e-flex e-con e-parent\" data-id=\"184b5397\" data-element_type=\"container\" data-e-type=\"container\" data-settings=\"{&quot;background_background&quot;:&quot;classic&quot;,&quot;jet_parallax_layout_list&quot;:[]}\">\n\t\t<div class=\"elementor-element elementor-element-1b4e3770 e-flex e-con-boxed e-con e-child\" data-id=\"1b4e3770\" data-element_type=\"container\" data-e-type=\"container\" data-settings=\"{&quot;jet_parallax_layout_list&quot;:[]}\">\n\t\t\t\t\t<div class=\"e-con-inner\">\n\t\t\t\t<div class=\"elementor-element elementor-element-7e00bba2 elementor-skin-slideshow elementor-widget elementor-widget-media-carousel\" data-id=\"7e00bba2\" data-element_type=\"widget\" data-e-type=\"widget\" data-settings=\"{&quot;skin&quot;:&quot;slideshow&quot;,&quot;slideshow_slides_per_view&quot;:&quot;6&quot;,&quot;space_between&quot;:{&quot;unit&quot;:&quot;px&quot;,&quot;size&quot;:14,&quot;sizes&quot;:[]},&quot;effect&quot;:&quot;slide&quot;,&quot;speed&quot;:500,&quot;autoplay&quot;:&quot;yes&quot;,&quot;autoplay_speed&quot;:5000,&quot;loop&quot;:&quot;yes&quot;,&quot;pause_on_hover&quot;:&quot;yes&quot;,&quot;pause_on_interaction&quot;:&quot;yes&quot;,&quot;space_between_tablet&quot;:{&quot;unit&quot;:&quot;px&quot;,&quot;size&quot;:10,&quot;sizes&quot;:[]},&quot;space_between_mobile&quot;:{&quot;unit&quot;:&quot;px&quot;,&quot;size&quot;:10,&quot;sizes&quot;:[]}}\" data-widget_type=\"media-carousel.default\">\n\t\t\t\t<div class=\"elementor-widget-container\">\n\t\t\t\t\t\t\t\t\t<div class=\"elementor-swiper\">\n\t\t\t\t\t<div class=\"elementor-main-swiper swiper\" role=\"region\" aria-roledescription=\"carousel\" aria-label=\"Folien\">\n\t\t\t\t<div class=\"swiper-wrapper\">\n\t\t\t\t\t\t\t\t\t\t\t<div class=\"swiper-slide\" role=\"group\" aria-roledescription=\"slide\">\n\t\t\t\t\t\t\t\t\t<div class=\"elementor-carousel-image\" role=\"img\" aria-label=\"0C2A4131 Kopie\" style=\"background-image: url(&#039;https:\/\/campingclara.com\/wp-content\/uploads\/2024\/02\/0C2A4131-copy-scaled.jpg&#039;)\">\n\n\t\t\t\n\t\t\t\t\t<\/div>\n\t\t\t\t\t\t\t\t<\/div>\n\t\t\t\t\t\t\t\t\t\t\t<div class=\"swiper-slide\" role=\"group\" aria-roledescription=\"slide\">\n\t\t\t\t\t\t\t\t\t<div class=\"elementor-carousel-image\" role=\"img\" aria-label=\"0C2A4165 Kopie\" style=\"background-image: url(&#039;https:\/\/campingclara.com\/wp-content\/uploads\/2024\/02\/0C2A4165-copy-scaled.jpg&#039;)\">\n\n\t\t\t\n\t\t\t\t\t<\/div>\n\t\t\t\t\t\t\t\t<\/div>\n\t\t\t\t\t\t\t\t\t\t\t<div class=\"swiper-slide\" role=\"group\" aria-roledescription=\"slide\">\n\t\t\t\t\t\t\t\t\t<div class=\"elementor-carousel-image\" role=\"img\" aria-label=\"0C2A5872-2\" style=\"background-image: url(&#039;https:\/\/campingclara.com\/wp-content\/uploads\/2024\/02\/0C2A5872-2-scaled.jpg&#039;)\">\n\n\t\t\t\n\t\t\t\t\t<\/div>\n\t\t\t\t\t\t\t\t<\/div>\n\t\t\t\t\t\t\t\t\t\t\t<div class=\"swiper-slide\" role=\"group\" aria-roledescription=\"slide\">\n\t\t\t\t\t\t\t\t\t<div class=\"elementor-carousel-image\" role=\"img\" aria-label=\"0C2A5900\" style=\"background-image: url(&#039;https:\/\/campingclara.com\/wp-content\/uploads\/2024\/02\/0C2A5900-scaled.jpg&#039;)\">\n\n\t\t\t\n\t\t\t\t\t<\/div>\n\t\t\t\t\t\t\t\t<\/div>\n\t\t\t\t\t\t\t\t\t\t\t<div class=\"swiper-slide\" role=\"group\" aria-roledescription=\"slide\">\n\t\t\t\t\t\t\t\t\t<div class=\"elementor-carousel-image\" role=\"img\" aria-label=\"0C2A5946\" style=\"background-image: url(&#039;https:\/\/campingclara.com\/wp-content\/uploads\/2024\/02\/0C2A5946-scaled.jpg&#039;)\">\n\n\t\t\t\n\t\t\t\t\t<\/div>\n\t\t\t\t\t\t\t\t<\/div>\n\t\t\t\t\t\t\t\t\t\t\t<div class=\"swiper-slide\" role=\"group\" aria-roledescription=\"slide\">\n\t\t\t\t\t\t\t\t\t<div class=\"elementor-carousel-image\" role=\"img\" aria-label=\"0C2A5951\" style=\"background-image: url(&#039;https:\/\/campingclara.com\/wp-content\/uploads\/2024\/02\/0C2A5951-scaled.jpg&#039;)\">\n\n\t\t\t\n\t\t\t\t\t<\/div>\n\t\t\t\t\t\t\t\t<\/div>\n\t\t\t\t\t\t\t\t\t\t\t<div class=\"swiper-slide\" role=\"group\" aria-roledescription=\"slide\">\n\t\t\t\t\t\t\t\t\t<div class=\"elementor-carousel-image\" role=\"img\" aria-label=\"Torrembarra-Spielplatz\" style=\"background-image: url(&#039;https:\/\/campingclara.com\/wp-content\/uploads\/2024\/02\/0C2A5983-scaled.jpg&#039;)\">\n\n\t\t\t\n\t\t\t\t\t<\/div>\n\t\t\t\t\t\t\t\t<\/div>\n\t\t\t\t\t\t\t\t\t\t\t<div class=\"swiper-slide\" role=\"group\" aria-roledescription=\"slide\">\n\t\t\t\t\t\t\t\t\t<div class=\"elementor-carousel-image\" role=\"img\" aria-label=\"0C2A6008\" style=\"background-image: url(&#039;https:\/\/campingclara.com\/wp-content\/uploads\/2024\/02\/0C2A6008-scaled.jpg&#039;)\">\n\n\t\t\t\n\t\t\t\t\t<\/div>\n\t\t\t\t\t\t\t\t<\/div>\n\t\t\t\t\t\t\t\t\t\t\t<div class=\"swiper-slide\" role=\"group\" aria-roledescription=\"slide\">\n\t\t\t\t\t\t\t\t\t<div class=\"elementor-carousel-image\" role=\"img\" aria-label=\"0C2A6022\" style=\"background-image: url(&#039;https:\/\/campingclara.com\/wp-content\/uploads\/2024\/02\/0C2A6022-scaled.jpg&#039;)\">\n\n\t\t\t\n\t\t\t\t\t<\/div>\n\t\t\t\t\t\t\t\t<\/div>\n\t\t\t\t\t\t\t\t\t\t\t<div class=\"swiper-slide\" role=\"group\" aria-roledescription=\"slide\">\n\t\t\t\t\t\t\t\t\t<div class=\"elementor-carousel-image\" role=\"img\" aria-label=\"0C2A6046-2\" style=\"background-image: url(&#039;https:\/\/campingclara.com\/wp-content\/uploads\/2024\/02\/0C2A6046-2-scaled.jpg&#039;)\">\n\n\t\t\t\n\t\t\t\t\t<\/div>\n\t\t\t\t\t\t\t\t<\/div>\n\t\t\t\t\t\t\t\t\t\t\t<div class=\"swiper-slide\" role=\"group\" aria-roledescription=\"slide\">\n\t\t\t\t\t\t\t\t\t<div class=\"elementor-carousel-image\" role=\"img\" aria-label=\"Rastst\u00e4tte in Torrembarra\" style=\"background-image: url(&#039;https:\/\/campingclara.com\/wp-content\/uploads\/2024\/02\/0C2A6060-scaled.jpg&#039;)\">\n\n\t\t\t\n\t\t\t\t\t<\/div>\n\t\t\t\t\t\t\t\t<\/div>\n\t\t\t\t\t\t\t\t\t\t\t<div class=\"swiper-slide\" role=\"group\" aria-roledescription=\"slide\">\n\t\t\t\t\t\t\t\t\t<div class=\"elementor-carousel-image\" role=\"img\" aria-label=\"0C2A6062\" style=\"background-image: url(&#039;https:\/\/campingclara.com\/wp-content\/uploads\/2024\/02\/0C2A6062-scaled.jpg&#039;)\">\n\n\t\t\t\n\t\t\t\t\t<\/div>\n\t\t\t\t\t\t\t\t<\/div>\n\t\t\t\t\t\t\t\t\t\t\t<div class=\"swiper-slide\" role=\"group\" aria-roledescription=\"slide\">\n\t\t\t\t\t\t\t\t\t<div class=\"elementor-carousel-image\" role=\"img\" aria-label=\"0C2A6098\" style=\"background-image: url(&#039;https:\/\/campingclara.com\/wp-content\/uploads\/2024\/02\/0C2A6098-scaled.jpg&#039;)\">\n\n\t\t\t\n\t\t\t\t\t<\/div>\n\t\t\t\t\t\t\t\t<\/div>\n\t\t\t\t\t\t\t\t\t\t\t<div class=\"swiper-slide\" role=\"group\" aria-roledescription=\"slide\">\n\t\t\t\t\t\t\t\t\t<div class=\"elementor-carousel-image\" role=\"img\" aria-label=\"0C2A6132\" style=\"background-image: url(&#039;https:\/\/campingclara.com\/wp-content\/uploads\/2024\/02\/0C2A6132-scaled.jpg&#039;)\">\n\n\t\t\t\n\t\t\t\t\t<\/div>\n\t\t\t\t\t\t\t\t<\/div>\n\t\t\t\t\t\t\t\t\t\t\t<div class=\"swiper-slide\" role=\"group\" aria-roledescription=\"slide\">\n\t\t\t\t\t\t\t\t\t<div class=\"elementor-carousel-image\" role=\"img\" aria-label=\"0C2A6176\" style=\"background-image: url(&#039;https:\/\/campingclara.com\/wp-content\/uploads\/2024\/02\/0C2A6176-scaled.jpg&#039;)\">\n\n\t\t\t\n\t\t\t\t\t<\/div>\n\t\t\t\t\t\t\t\t<\/div>\n\t\t\t\t\t\t\t\t\t\t\t<div class=\"swiper-slide\" role=\"group\" aria-roledescription=\"slide\">\n\t\t\t\t\t\t\t\t\t<div class=\"elementor-carousel-image\" role=\"img\" aria-label=\"0C2A6181\" style=\"background-image: url(&#039;https:\/\/campingclara.com\/wp-content\/uploads\/2024\/02\/0C2A6181-scaled.jpg&#039;)\">\n\n\t\t\t\n\t\t\t\t\t<\/div>\n\t\t\t\t\t\t\t\t<\/div>\n\t\t\t\t\t\t\t\t\t<\/div>\n\t\t\t\t\t\t\t\t\t\t\t\t\t\t\t\t\t\t\t\t\t<\/div>\n\t\t\t\t<\/div>\n\t\t\t\t\t\t\t\t<div class=\"elementor-swiper\">\n\t\t\t\t\t<div class=\"elementor-main-swiper swiper elementor-thumbnails-swiper swiper\" role=\"region region\" aria-roledescription=\"carousel carousel\" aria-label=\"Folien Folien\">\n\t\t\t\t<div class=\"swiper-wrapper\">\n\t\t\t\t\t\t\t\t\t\t\t<div class=\"swiper-slide\" role=\"group\" aria-roledescription=\"slide\">\n\t\t\t\t\t\t\t\t\t<div class=\"elementor-carousel-image\" role=\"img\" aria-label=\"0C2A4131 Kopie\" style=\"background-image: url(&#039;https:\/\/campingclara.com\/wp-content\/uploads\/2024\/02\/0C2A4131-copy-scaled.jpg&#039;)\">\n\n\t\t\t\n\t\t\t\t\t<\/div>\n\t\t\t\t\t\t\t\t<\/div>\n\t\t\t\t\t\t\t\t\t\t\t<div class=\"swiper-slide\" role=\"group\" aria-roledescription=\"slide\">\n\t\t\t\t\t\t\t\t\t<div class=\"elementor-carousel-image\" role=\"img\" aria-label=\"0C2A4165 Kopie\" style=\"background-image: url(&#039;https:\/\/campingclara.com\/wp-content\/uploads\/2024\/02\/0C2A4165-copy-scaled.jpg&#039;)\">\n\n\t\t\t\n\t\t\t\t\t<\/div>\n\t\t\t\t\t\t\t\t<\/div>\n\t\t\t\t\t\t\t\t\t\t\t<div class=\"swiper-slide\" role=\"group\" aria-roledescription=\"slide\">\n\t\t\t\t\t\t\t\t\t<div class=\"elementor-carousel-image\" role=\"img\" aria-label=\"0C2A5872-2\" style=\"background-image: url(&#039;https:\/\/campingclara.com\/wp-content\/uploads\/2024\/02\/0C2A5872-2-scaled.jpg&#039;)\">\n\n\t\t\t\n\t\t\t\t\t<\/div>\n\t\t\t\t\t\t\t\t<\/div>\n\t\t\t\t\t\t\t\t\t\t\t<div class=\"swiper-slide\" role=\"group\" aria-roledescription=\"slide\">\n\t\t\t\t\t\t\t\t\t<div class=\"elementor-carousel-image\" role=\"img\" aria-label=\"0C2A5900\" style=\"background-image: url(&#039;https:\/\/campingclara.com\/wp-content\/uploads\/2024\/02\/0C2A5900-scaled.jpg&#039;)\">\n\n\t\t\t\n\t\t\t\t\t<\/div>\n\t\t\t\t\t\t\t\t<\/div>\n\t\t\t\t\t\t\t\t\t\t\t<div class=\"swiper-slide\" role=\"group\" aria-roledescription=\"slide\">\n\t\t\t\t\t\t\t\t\t<div class=\"elementor-carousel-image\" role=\"img\" aria-label=\"0C2A5946\" style=\"background-image: url(&#039;https:\/\/campingclara.com\/wp-content\/uploads\/2024\/02\/0C2A5946-scaled.jpg&#039;)\">\n\n\t\t\t\n\t\t\t\t\t<\/div>\n\t\t\t\t\t\t\t\t<\/div>\n\t\t\t\t\t\t\t\t\t\t\t<div class=\"swiper-slide\" role=\"group\" aria-roledescription=\"slide\">\n\t\t\t\t\t\t\t\t\t<div class=\"elementor-carousel-image\" role=\"img\" aria-label=\"0C2A5951\" style=\"background-image: url(&#039;https:\/\/campingclara.com\/wp-content\/uploads\/2024\/02\/0C2A5951-scaled.jpg&#039;)\">\n\n\t\t\t\n\t\t\t\t\t<\/div>\n\t\t\t\t\t\t\t\t<\/div>\n\t\t\t\t\t\t\t\t\t\t\t<div class=\"swiper-slide\" role=\"group\" aria-roledescription=\"slide\">\n\t\t\t\t\t\t\t\t\t<div class=\"elementor-carousel-image\" role=\"img\" aria-label=\"Torrembarra-Spielplatz\" style=\"background-image: url(&#039;https:\/\/campingclara.com\/wp-content\/uploads\/2024\/02\/0C2A5983-scaled.jpg&#039;)\">\n\n\t\t\t\n\t\t\t\t\t<\/div>\n\t\t\t\t\t\t\t\t<\/div>\n\t\t\t\t\t\t\t\t\t\t\t<div class=\"swiper-slide\" role=\"group\" aria-roledescription=\"slide\">\n\t\t\t\t\t\t\t\t\t<div class=\"elementor-carousel-image\" role=\"img\" aria-label=\"0C2A6008\" style=\"background-image: url(&#039;https:\/\/campingclara.com\/wp-content\/uploads\/2024\/02\/0C2A6008-scaled.jpg&#039;)\">\n\n\t\t\t\n\t\t\t\t\t<\/div>\n\t\t\t\t\t\t\t\t<\/div>\n\t\t\t\t\t\t\t\t\t\t\t<div class=\"swiper-slide\" role=\"group\" aria-roledescription=\"slide\">\n\t\t\t\t\t\t\t\t\t<div class=\"elementor-carousel-image\" role=\"img\" aria-label=\"0C2A6022\" style=\"background-image: url(&#039;https:\/\/campingclara.com\/wp-content\/uploads\/2024\/02\/0C2A6022-scaled.jpg&#039;)\">\n\n\t\t\t\n\t\t\t\t\t<\/div>\n\t\t\t\t\t\t\t\t<\/div>\n\t\t\t\t\t\t\t\t\t\t\t<div class=\"swiper-slide\" role=\"group\" aria-roledescription=\"slide\">\n\t\t\t\t\t\t\t\t\t<div class=\"elementor-carousel-image\" role=\"img\" aria-label=\"0C2A6046-2\" style=\"background-image: url(&#039;https:\/\/campingclara.com\/wp-content\/uploads\/2024\/02\/0C2A6046-2-scaled.jpg&#039;)\">\n\n\t\t\t\n\t\t\t\t\t<\/div>\n\t\t\t\t\t\t\t\t<\/div>\n\t\t\t\t\t\t\t\t\t\t\t<div class=\"swiper-slide\" role=\"group\" aria-roledescription=\"slide\">\n\t\t\t\t\t\t\t\t\t<div class=\"elementor-carousel-image\" role=\"img\" aria-label=\"Rastst\u00e4tte in Torrembarra\" style=\"background-image: url(&#039;https:\/\/campingclara.com\/wp-content\/uploads\/2024\/02\/0C2A6060-scaled.jpg&#039;)\">\n\n\t\t\t\n\t\t\t\t\t<\/div>\n\t\t\t\t\t\t\t\t<\/div>\n\t\t\t\t\t\t\t\t\t\t\t<div class=\"swiper-slide\" role=\"group\" aria-roledescription=\"slide\">\n\t\t\t\t\t\t\t\t\t<div class=\"elementor-carousel-image\" role=\"img\" aria-label=\"0C2A6062\" style=\"background-image: url(&#039;https:\/\/campingclara.com\/wp-content\/uploads\/2024\/02\/0C2A6062-scaled.jpg&#039;)\">\n\n\t\t\t\n\t\t\t\t\t<\/div>\n\t\t\t\t\t\t\t\t<\/div>\n\t\t\t\t\t\t\t\t\t\t\t<div class=\"swiper-slide\" role=\"group\" aria-roledescription=\"slide\">\n\t\t\t\t\t\t\t\t\t<div class=\"elementor-carousel-image\" role=\"img\" aria-label=\"0C2A6098\" style=\"background-image: url(&#039;https:\/\/campingclara.com\/wp-content\/uploads\/2024\/02\/0C2A6098-scaled.jpg&#039;)\">\n\n\t\t\t\n\t\t\t\t\t<\/div>\n\t\t\t\t\t\t\t\t<\/div>\n\t\t\t\t\t\t\t\t\t\t\t<div class=\"swiper-slide\" role=\"group\" aria-roledescription=\"slide\">\n\t\t\t\t\t\t\t\t\t<div class=\"elementor-carousel-image\" role=\"img\" aria-label=\"0C2A6132\" style=\"background-image: url(&#039;https:\/\/campingclara.com\/wp-content\/uploads\/2024\/02\/0C2A6132-scaled.jpg&#039;)\">\n\n\t\t\t\n\t\t\t\t\t<\/div>\n\t\t\t\t\t\t\t\t<\/div>\n\t\t\t\t\t\t\t\t\t\t\t<div class=\"swiper-slide\" role=\"group\" aria-roledescription=\"slide\">\n\t\t\t\t\t\t\t\t\t<div class=\"elementor-carousel-image\" role=\"img\" aria-label=\"0C2A6176\" style=\"background-image: url(&#039;https:\/\/campingclara.com\/wp-content\/uploads\/2024\/02\/0C2A6176-scaled.jpg&#039;)\">\n\n\t\t\t\n\t\t\t\t\t<\/div>\n\t\t\t\t\t\t\t\t<\/div>\n\t\t\t\t\t\t\t\t\t\t\t<div class=\"swiper-slide\" role=\"group\" aria-roledescription=\"slide\">\n\t\t\t\t\t\t\t\t\t<div class=\"elementor-carousel-image\" role=\"img\" aria-label=\"0C2A6181\" style=\"background-image: url(&#039;https:\/\/campingclara.com\/wp-content\/uploads\/2024\/02\/0C2A6181-scaled.jpg&#039;)\">\n\n\t\t\t\n\t\t\t\t\t<\/div>\n\t\t\t\t\t\t\t\t<\/div>\n\t\t\t\t\t\t\t\t\t<\/div>\n\t\t\t\t\t\t\t\t\t\t\t\t\t\t\t\t\t\t\t\t\t<\/div>\n\t\t\t\t<\/div>\n\t\t\t\t\t\t\t\t<\/div>\n\t\t\t\t<\/div>\n\t\t\t\t\t<\/div>\n\t\t\t\t<\/div>\n\t\t\t\t<\/div>\n\t\t\t\t<\/div>","protected":false},"excerpt":{"rendered":"<p>Serveis del c\u00e0mping a Torredembarra A Camping Clar\u00e0 volem que et sentis com a casa. Des del primer moment trobar\u00e0s un equip proper i disposat a ajudar-te en tot el que necessitis. La nostra idea \u00e9s clara: que la teva estada sigui c\u00f2moda, segura i sense complicacions, perqu\u00e8 nom\u00e9s hagis de pensar en gaudir. Qu\u00e8 [&hellip;]<\/p>\n","protected":false},"author":6,"featured_media":0,"parent":0,"menu_order":0,"comment_status":"closed","ping_status":"closed","template":"","meta":{"site-sidebar-layout":"no-sidebar","site-content-layout":"page-builder","ast-site-content-layout":"full-width-container","site-content-style":"default","site-sidebar-style":"default","ast-global-header-display":"","ast-banner-title-visibility":"","ast-main-header-display":"","ast-hfb-above-header-display":"","ast-hfb-below-header-display":"","ast-hfb-mobile-header-display":"","site-post-title":"disabled","ast-breadcrumbs-content":"","ast-featured-img":"disabled","footer-sml-layout":"","ast-disable-related-posts":"","theme-transparent-header-meta":"","adv-header-id-meta":"","stick-header-meta":"","header-above-stick-meta":"","header-main-stick-meta":"","header-below-stick-meta":"","astra-migrate-meta-layouts":"set","ast-page-background-enabled":"default","ast-page-background-meta":{"desktop":{"background-color":"","background-image":"","background-repeat":"repeat","background-position":"center center","background-size":"auto","background-attachment":"scroll","background-type":"","background-media":"","overlay-type":"","overlay-color":"","overlay-opacity":"","overlay-gradient":""},"tablet":{"background-color":"","background-image":"","background-repeat":"repeat","background-position":"center center","background-size":"auto","background-attachment":"scroll","background-type":"","background-media":"","overlay-type":"","overlay-color":"","overlay-opacity":"","overlay-gradient":""},"mobile":{"background-color":"","background-image":"","background-repeat":"repeat","background-position":"center center","background-size":"auto","background-attachment":"scroll","background-type":"","background-media":"","overlay-type":"","overlay-color":"","overlay-opacity":"","overlay-gradient":""}},"ast-content-background-meta":{"desktop":{"background-color":"var(--ast-global-color-5)","background-image":"","background-repeat":"repeat","background-position":"center center","background-size":"auto","background-attachment":"scroll","background-type":"","background-media":"","overlay-type":"","overlay-color":"","overlay-opacity":"","overlay-gradient":""},"tablet":{"background-color":"var(--ast-global-color-5)","background-image":"","background-repeat":"repeat","background-position":"center center","background-size":"auto","background-attachment":"scroll","background-type":"","background-media":"","overlay-type":"","overlay-color":"","overlay-opacity":"","overlay-gradient":""},"mobile":{"background-color":"var(--ast-global-color-5)","background-image":"","background-repeat":"repeat","background-position":"center center","background-size":"auto","background-attachment":"scroll","background-type":"","background-media":"","overlay-type":"","overlay-color":"","overlay-opacity":"","overlay-gradient":""}},"footnotes":""},"class_list":["post-5035","page","type-page","status-publish","hentry"],"_links":{"self":[{"href":"https:\/\/campingclara.com\/de\/wp-json\/wp\/v2\/pages\/5035","targetHints":{"allow":["GET"]}}],"collection":[{"href":"https:\/\/campingclara.com\/de\/wp-json\/wp\/v2\/pages"}],"about":[{"href":"https:\/\/campingclara.com\/de\/wp-json\/wp\/v2\/types\/page"}],"author":[{"embeddable":true,"href":"https:\/\/campingclara.com\/de\/wp-json\/wp\/v2\/users\/6"}],"replies":[{"embeddable":true,"href":"https:\/\/campingclara.com\/de\/wp-json\/wp\/v2\/comments?post=5035"}],"version-history":[{"count":28,"href":"https:\/\/campingclara.com\/de\/wp-json\/wp\/v2\/pages\/5035\/revisions"}],"predecessor-version":[{"id":6212,"href":"https:\/\/campingclara.com\/de\/wp-json\/wp\/v2\/pages\/5035\/revisions\/6212"}],"wp:attachment":[{"href":"https:\/\/campingclara.com\/de\/wp-json\/wp\/v2\/media?parent=5035"}],"curies":[{"name":"wp","href":"https:\/\/api.w.org\/{rel}","templated":true}]}}