{"id":5337,"date":"2024-02-13T11:31:34","date_gmt":"2024-02-13T10:31:34","guid":{"rendered":"https:\/\/campingclara.com\/?page_id=5337"},"modified":"2025-09-22T15:25:06","modified_gmt":"2025-09-22T13:25:06","slug":"nachhaltigkeit","status":"publish","type":"page","link":"https:\/\/campingclara.com\/de\/sostenibilitat\/","title":{"rendered":"Nachhaltigkeit"},"content":{"rendered":"<div data-elementor-type=\"wp-page\" data-elementor-id=\"5337\" class=\"elementor elementor-5337\" data-elementor-post-type=\"page\">\n\t\t\t\t<div class=\"elementor-element elementor-element-8744f59 e-flex e-con-boxed e-con e-parent\" data-id=\"8744f59\" data-element_type=\"container\" data-e-type=\"container\" data-settings=\"{&quot;background_background&quot;:&quot;classic&quot;,&quot;jet_parallax_layout_list&quot;:[]}\">\n\t\t\t\t\t<div class=\"e-con-inner\">\n\t\t<div class=\"elementor-element elementor-element-2859248 e-con-full e-flex e-con e-child\" data-id=\"2859248\" data-element_type=\"container\" data-e-type=\"container\" data-settings=\"{&quot;jet_parallax_layout_list&quot;:[]}\">\n\t\t\t\t<div class=\"elementor-element elementor-element-41d2d9d elementor-widget elementor-widget-heading\" data-id=\"41d2d9d\" data-element_type=\"widget\" data-e-type=\"widget\" data-widget_type=\"heading.default\">\n\t\t\t\t<div class=\"elementor-widget-container\">\n\t\t\t\t\t<h1 class=\"elementor-heading-title elementor-size-default\">Nachhaltigkeit<\/h1>\t\t\t\t<\/div>\n\t\t\t\t<\/div>\n\t\t\t\t<\/div>\n\t\t\t\t\t<\/div>\n\t\t\t\t<\/div>\n\t\t<div class=\"elementor-element elementor-element-dced899 e-flex e-con-boxed elementor-invisible e-con e-parent\" data-id=\"dced899\" data-element_type=\"container\" data-e-type=\"container\" data-settings=\"{&quot;animation&quot;:&quot;slideInUp&quot;,&quot;jet_parallax_layout_list&quot;:[]}\">\n\t\t\t\t\t<div class=\"e-con-inner\">\n\t\t\t\t<div class=\"elementor-element elementor-element-a45e584 elementor-widget elementor-widget-text-editor\" data-id=\"a45e584\" data-element_type=\"widget\" data-e-type=\"widget\" data-widget_type=\"text-editor.default\">\n\t\t\t\t<div class=\"elementor-widget-container\">\n\t\t\t\t\t\t\t\t\t<p>C\u00e0mping Clar\u00e0 ist eine Einrichtung\u00a0<strong>engagiert sich f\u00fcr die Umwelt,<\/strong>\u00a0Wir sind der Meinung, dass unsere spektakul\u00e4re Umgebung auch weiterhin so bleiben muss.\u00a0<strong>Wir respektieren<\/strong>\u00a0die nat\u00fcrliche, soziale und \u00f6kologische Umwelt durch eine Reihe von Ma\u00dfnahmen, die auf Nachhaltigkeitskriterien in unserem t\u00e4glichen Leben basieren, und versuchen,\u00a0<strong>Erhaltung der nat\u00fcrlichen, landschaftlichen und kulturellen Ressourcen<\/strong>\u00a0aus der Umgebung:<\/p>\t\t\t\t\t\t\t\t<\/div>\n\t\t\t\t<\/div>\n\t\t\t\t\t<\/div>\n\t\t\t\t<\/div>\n\t\t<div class=\"elementor-element elementor-element-d776255 e-flex e-con-boxed elementor-invisible e-con e-parent\" data-id=\"d776255\" data-element_type=\"container\" data-e-type=\"container\" data-settings=\"{&quot;animation&quot;:&quot;slideInUp&quot;,&quot;jet_parallax_layout_list&quot;:[]}\">\n\t\t\t\t\t<div class=\"e-con-inner\">\n\t\t<div class=\"elementor-element elementor-element-f908dbe e-con-full e-flex e-con e-child\" data-id=\"f908dbe\" data-element_type=\"container\" data-e-type=\"container\" data-settings=\"{&quot;background_background&quot;:&quot;classic&quot;,&quot;jet_parallax_layout_list&quot;:[]}\">\n\t\t\t\t<div class=\"elementor-element elementor-element-252ce61 elementor-position-top elementor-widget elementor-widget-image-box\" data-id=\"252ce61\" data-element_type=\"widget\" data-e-type=\"widget\" data-widget_type=\"image-box.default\">\n\t\t\t\t<div class=\"elementor-widget-container\">\n\t\t\t\t\t<div class=\"elementor-image-box-wrapper\"><figure class=\"elementor-image-box-img\"><img decoding=\"async\" width=\"86\" height=\"57\" src=\"https:\/\/campingclara.com\/wp-content\/uploads\/2024\/02\/vegetacio.svg\" class=\"elementor-animation-grow attachment-full size-full wp-image-4390\" alt=\"\" title=\"\"><\/figure><div class=\"elementor-image-box-content\"><h3 class=\"elementor-image-box-title\">\u00dcppige Vegetation, gr\u00f6\u00dftenteils einheimisch und mit geringem Wasserbedarf<\/h3><\/div><\/div>\t\t\t\t<\/div>\n\t\t\t\t<\/div>\n\t\t\t\t<\/div>\n\t\t<div class=\"elementor-element elementor-element-86abdab e-con-full e-flex e-con e-child\" data-id=\"86abdab\" data-element_type=\"container\" data-e-type=\"container\" data-settings=\"{&quot;background_background&quot;:&quot;classic&quot;,&quot;jet_parallax_layout_list&quot;:[]}\">\n\t\t\t\t<div class=\"elementor-element elementor-element-e113808 elementor-position-top elementor-widget elementor-widget-image-box\" data-id=\"e113808\" data-element_type=\"widget\" data-e-type=\"widget\" data-widget_type=\"image-box.default\">\n\t\t\t\t<div class=\"elementor-widget-container\">\n\t\t\t\t\t<div class=\"elementor-image-box-wrapper\"><figure class=\"elementor-image-box-img\"><img decoding=\"async\" width=\"86\" height=\"57\" src=\"https:\/\/campingclara.com\/wp-content\/uploads\/2024\/02\/recurs-estalvi-electric.svg\" class=\"elementor-animation-grow attachment-full size-full wp-image-4391\" alt=\"\" title=\"\"><\/figure><div class=\"elementor-image-box-content\"><h3 class=\"elementor-image-box-title\">Stromsparma\u00dfnahmen<\/h3><\/div><\/div>\t\t\t\t<\/div>\n\t\t\t\t<\/div>\n\t\t\t\t<\/div>\n\t\t<div class=\"elementor-element elementor-element-4434884 e-con-full e-flex e-con e-child\" data-id=\"4434884\" data-element_type=\"container\" data-e-type=\"container\" data-settings=\"{&quot;background_background&quot;:&quot;classic&quot;,&quot;jet_parallax_layout_list&quot;:[]}\">\n\t\t\t\t<div class=\"elementor-element elementor-element-38f5573 elementor-position-top elementor-widget elementor-widget-image-box\" data-id=\"38f5573\" data-element_type=\"widget\" data-e-type=\"widget\" data-widget_type=\"image-box.default\">\n\t\t\t\t<div class=\"elementor-widget-container\">\n\t\t\t\t\t<div class=\"elementor-image-box-wrapper\"><figure class=\"elementor-image-box-img\"><img decoding=\"async\" width=\"86\" height=\"57\" src=\"https:\/\/campingclara.com\/wp-content\/uploads\/2024\/02\/estalvi-daigua.svg\" class=\"elementor-animation-grow attachment-full size-full wp-image-4385\" alt=\"\" title=\"\"><\/figure><div class=\"elementor-image-box-content\"><h3 class=\"elementor-image-box-title\">Integriertes Wassersparsystem<\/h3><\/div><\/div>\t\t\t\t<\/div>\n\t\t\t\t<\/div>\n\t\t\t\t<\/div>\n\t\t<div class=\"elementor-element elementor-element-bc76a38 e-con-full e-flex e-con e-child\" data-id=\"bc76a38\" data-element_type=\"container\" data-e-type=\"container\" data-settings=\"{&quot;background_background&quot;:&quot;classic&quot;,&quot;jet_parallax_layout_list&quot;:[]}\">\n\t\t\t\t<div class=\"elementor-element elementor-element-a30d984 elementor-position-top elementor-widget elementor-widget-image-box\" data-id=\"a30d984\" data-element_type=\"widget\" data-e-type=\"widget\" data-widget_type=\"image-box.default\">\n\t\t\t\t<div class=\"elementor-widget-container\">\n\t\t\t\t\t<div class=\"elementor-image-box-wrapper\"><figure class=\"elementor-image-box-img\"><img loading=\"lazy\" decoding=\"async\" width=\"86\" height=\"57\" src=\"https:\/\/campingclara.com\/wp-content\/uploads\/2024\/02\/energia-solar.svg\" class=\"elementor-animation-grow attachment-full size-full wp-image-4383\" alt=\"\" title=\"\"><\/figure><div class=\"elementor-image-box-content\"><h3 class=\"elementor-image-box-title\">Gassparma\u00dfnahmen (Nutzung von Solarenergie zur Erw\u00e4rmung von Brauchwasser)<\/h3><\/div><\/div>\t\t\t\t<\/div>\n\t\t\t\t<\/div>\n\t\t\t\t<\/div>\n\t\t\t\t\t<\/div>\n\t\t\t\t<\/div>\n\t\t<div class=\"elementor-element elementor-element-cc99497 e-flex e-con-boxed elementor-invisible e-con e-parent\" data-id=\"cc99497\" data-element_type=\"container\" data-e-type=\"container\" data-settings=\"{&quot;animation&quot;:&quot;slideInUp&quot;,&quot;jet_parallax_layout_list&quot;:[]}\">\n\t\t\t\t\t<div class=\"e-con-inner\">\n\t\t<div class=\"elementor-element elementor-element-c00e85b e-con-full e-flex e-con e-child\" data-id=\"c00e85b\" data-element_type=\"container\" data-e-type=\"container\" data-settings=\"{&quot;background_background&quot;:&quot;classic&quot;,&quot;jet_parallax_layout_list&quot;:[]}\">\n\t\t\t\t<div class=\"elementor-element elementor-element-af395f4 elementor-position-top elementor-widget elementor-widget-image-box\" data-id=\"af395f4\" data-element_type=\"widget\" data-e-type=\"widget\" data-widget_type=\"image-box.default\">\n\t\t\t\t<div class=\"elementor-widget-container\">\n\t\t\t\t\t<div class=\"elementor-image-box-wrapper\"><figure class=\"elementor-image-box-img\"><img loading=\"lazy\" decoding=\"async\" width=\"86\" height=\"57\" src=\"https:\/\/campingclara.com\/wp-content\/uploads\/2024\/02\/piles-usades.svg\" class=\"elementor-animation-grow attachment-full size-full wp-image-4388\" alt=\"\" title=\"\"><\/figure><div class=\"elementor-image-box-content\"><h3 class=\"elementor-image-box-title\">R\u00fccknahme von Altbatterien<\/h3><\/div><\/div>\t\t\t\t<\/div>\n\t\t\t\t<\/div>\n\t\t\t\t<\/div>\n\t\t<div class=\"elementor-element elementor-element-9bc83fe e-con-full e-flex e-con e-child\" data-id=\"9bc83fe\" data-element_type=\"container\" data-e-type=\"container\" data-settings=\"{&quot;background_background&quot;:&quot;classic&quot;,&quot;jet_parallax_layout_list&quot;:[]}\">\n\t\t\t\t<div class=\"elementor-element elementor-element-0649466 elementor-position-top elementor-widget elementor-widget-image-box\" data-id=\"0649466\" data-element_type=\"widget\" data-e-type=\"widget\" data-widget_type=\"image-box.default\">\n\t\t\t\t<div class=\"elementor-widget-container\">\n\t\t\t\t\t<div class=\"elementor-image-box-wrapper\"><figure class=\"elementor-image-box-img\"><img loading=\"lazy\" decoding=\"async\" width=\"86\" height=\"57\" src=\"https:\/\/campingclara.com\/wp-content\/uploads\/2024\/02\/bombetes-usades.svg\" class=\"elementor-animation-grow attachment-full size-full wp-image-4381\" alt=\"\" title=\"\"><\/figure><div class=\"elementor-image-box-content\"><h3 class=\"elementor-image-box-title\">Sammlung von Altlampen<\/h3><\/div><\/div>\t\t\t\t<\/div>\n\t\t\t\t<\/div>\n\t\t\t\t<\/div>\n\t\t<div class=\"elementor-element elementor-element-f3ae62d e-con-full e-flex e-con e-child\" data-id=\"f3ae62d\" data-element_type=\"container\" data-e-type=\"container\" data-settings=\"{&quot;background_background&quot;:&quot;classic&quot;,&quot;jet_parallax_layout_list&quot;:[]}\">\n\t\t\t\t<div class=\"elementor-element elementor-element-ac7b26b elementor-position-top elementor-widget elementor-widget-image-box\" data-id=\"ac7b26b\" data-element_type=\"widget\" data-e-type=\"widget\" data-widget_type=\"image-box.default\">\n\t\t\t\t<div class=\"elementor-widget-container\">\n\t\t\t\t\t<div class=\"elementor-image-box-wrapper\"><figure class=\"elementor-image-box-img\"><img loading=\"lazy\" decoding=\"async\" width=\"86\" height=\"57\" src=\"https:\/\/campingclara.com\/wp-content\/uploads\/2024\/02\/recollida-selectiva-de-residus.svg\" class=\"elementor-animation-grow attachment-full size-full wp-image-4389\" alt=\"\" title=\"\"><\/figure><div class=\"elementor-image-box-content\"><h3 class=\"elementor-image-box-title\">Wir verf\u00fcgen \u00fcber einen Bereich zur getrennten Abfallsammlung, in dem Kunststoffe und Dosen, Papier und Pappe, Glas, organische Stoffe und Abf\u00e4lle in separate Beh\u00e4lter getrennt werden.<\/h3><\/div><\/div>\t\t\t\t<\/div>\n\t\t\t\t<\/div>\n\t\t\t\t<\/div>\n\t\t\t\t\t<\/div>\n\t\t\t\t<\/div>\n\t\t<div class=\"elementor-element elementor-element-3b4b520 e-flex e-con-boxed elementor-invisible e-con e-parent\" data-id=\"3b4b520\" data-element_type=\"container\" data-e-type=\"container\" data-settings=\"{&quot;animation&quot;:&quot;slideInUp&quot;,&quot;jet_parallax_layout_list&quot;:[]}\">\n\t\t\t\t\t<div class=\"e-con-inner\">\n\t\t<div class=\"elementor-element elementor-element-9c1e266 e-con-full e-flex e-con e-child\" data-id=\"9c1e266\" data-element_type=\"container\" data-e-type=\"container\" data-settings=\"{&quot;background_background&quot;:&quot;classic&quot;,&quot;jet_parallax_layout_list&quot;:[]}\">\n\t\t\t\t<div class=\"elementor-element elementor-element-2b0fd31 elementor-position-top elementor-widget elementor-widget-image-box\" data-id=\"2b0fd31\" data-element_type=\"widget\" data-e-type=\"widget\" data-widget_type=\"image-box.default\">\n\t\t\t\t<div class=\"elementor-widget-container\">\n\t\t\t\t\t<div class=\"elementor-image-box-wrapper\"><figure class=\"elementor-image-box-img\"><img loading=\"lazy\" decoding=\"async\" width=\"86\" height=\"57\" src=\"https:\/\/campingclara.com\/wp-content\/uploads\/2024\/02\/buta.svg\" class=\"elementor-animation-grow attachment-full size-full wp-image-4396\" alt=\"\" title=\"\"><\/figure><div class=\"elementor-image-box-content\"><h3 class=\"elementor-image-box-title\">Sammlung von Einweg-Butanbeh\u00e4ltern<\/h3><\/div><\/div>\t\t\t\t<\/div>\n\t\t\t\t<\/div>\n\t\t\t\t<\/div>\n\t\t<div class=\"elementor-element elementor-element-2d16f53 e-con-full e-flex e-con e-child\" data-id=\"2d16f53\" data-element_type=\"container\" data-e-type=\"container\" data-settings=\"{&quot;background_background&quot;:&quot;classic&quot;,&quot;jet_parallax_layout_list&quot;:[]}\">\n\t\t\t\t<div class=\"elementor-element elementor-element-37fb9e6 elementor-position-top elementor-widget elementor-widget-image-box\" data-id=\"37fb9e6\" data-element_type=\"widget\" data-e-type=\"widget\" data-widget_type=\"image-box.default\">\n\t\t\t\t<div class=\"elementor-widget-container\">\n\t\t\t\t\t<div class=\"elementor-image-box-wrapper\"><figure class=\"elementor-image-box-img\"><img loading=\"lazy\" decoding=\"async\" width=\"86\" height=\"57\" src=\"https:\/\/campingclara.com\/wp-content\/uploads\/2024\/02\/oli-de-cuina-usat.svg\" class=\"elementor-animation-grow attachment-full size-full wp-image-4387\" alt=\"\" title=\"\"><\/figure><div class=\"elementor-image-box-content\"><h3 class=\"elementor-image-box-title\">Sammlung von Altspeise\u00f6l<\/h3><\/div><\/div>\t\t\t\t<\/div>\n\t\t\t\t<\/div>\n\t\t\t\t<\/div>\n\t\t<div class=\"elementor-element elementor-element-3e6fbe4 e-con-full e-flex e-con e-child\" data-id=\"3e6fbe4\" data-element_type=\"container\" data-e-type=\"container\" data-settings=\"{&quot;background_background&quot;:&quot;classic&quot;,&quot;jet_parallax_layout_list&quot;:[]}\">\n\t\t\t\t<div class=\"elementor-element elementor-element-e51e4bd elementor-position-top elementor-widget elementor-widget-image-box\" data-id=\"e51e4bd\" data-element_type=\"widget\" data-e-type=\"widget\" data-widget_type=\"image-box.default\">\n\t\t\t\t<div class=\"elementor-widget-container\">\n\t\t\t\t\t<div class=\"elementor-image-box-wrapper\"><figure class=\"elementor-image-box-img\"><img loading=\"lazy\" decoding=\"async\" width=\"86\" height=\"57\" src=\"https:\/\/campingclara.com\/wp-content\/uploads\/2024\/02\/deixalleria.svg\" class=\"elementor-animation-grow attachment-full size-full wp-image-4382\" alt=\"\" title=\"\"><\/figure><div class=\"elementor-image-box-content\"><h3 class=\"elementor-image-box-title\">Entsorgung anderer Materialien wie Holz, Eisen, Leuchtstoffr\u00f6hren, Reifen, Planen usw., die zur autorisierten kommunalen Abfalldeponie gebracht werden.<\/h3><\/div><\/div>\t\t\t\t<\/div>\n\t\t\t\t<\/div>\n\t\t\t\t<\/div>\n\t\t\t\t\t<\/div>\n\t\t\t\t<\/div>\n\t\t\t\t<\/div>","protected":false},"excerpt":{"rendered":"<p>Sostenibilitat El C\u00e0mping Clar\u00e0 \u00e9s un establiment\u00a0comprom\u00e8s amb el medi ambient,\u00a0sentim la necessitat que el nostre espectacular entorn ho segueixi sent.\u00a0Respectem\u00a0l\u2019entorn natural, social i mediambiental a trav\u00e9s d\u2019una s\u00e8rie de mesures basades en criteris de sostenibilitat en el nostre dia a dia, tractant de\u00a0conservar els recursos naturals, paisatg\u00edstics i culturals\u00a0de la zona: Abundant vegetaci\u00f3, majorit\u00e0riament [&hellip;]<\/p>\n","protected":false},"author":6,"featured_media":0,"parent":0,"menu_order":0,"comment_status":"closed","ping_status":"closed","template":"","meta":{"site-sidebar-layout":"no-sidebar","site-content-layout":"page-builder","ast-site-content-layout":"full-width-container","site-content-style":"default","site-sidebar-style":"default","ast-global-header-display":"","ast-banner-title-visibility":"","ast-main-header-display":"","ast-hfb-above-header-display":"","ast-hfb-below-header-display":"","ast-hfb-mobile-header-display":"","site-post-title":"disabled","ast-breadcrumbs-content":"","ast-featured-img":"disabled","footer-sml-layout":"","ast-disable-related-posts":"","theme-transparent-header-meta":"","adv-header-id-meta":"","stick-header-meta":"","header-above-stick-meta":"","header-main-stick-meta":"","header-below-stick-meta":"","astra-migrate-meta-layouts":"set","ast-page-background-enabled":"default","ast-page-background-meta":{"desktop":{"background-color":"","background-image":"","background-repeat":"repeat","background-position":"center center","background-size":"auto","background-attachment":"scroll","background-type":"","background-media":"","overlay-type":"","overlay-color":"","overlay-opacity":"","overlay-gradient":""},"tablet":{"background-color":"","background-image":"","background-repeat":"repeat","background-position":"center center","background-size":"auto","background-attachment":"scroll","background-type":"","background-media":"","overlay-type":"","overlay-color":"","overlay-opacity":"","overlay-gradient":""},"mobile":{"background-color":"","background-image":"","background-repeat":"repeat","background-position":"center center","background-size":"auto","background-attachment":"scroll","background-type":"","background-media":"","overlay-type":"","overlay-color":"","overlay-opacity":"","overlay-gradient":""}},"ast-content-background-meta":{"desktop":{"background-color":"var(--ast-global-color-5)","background-image":"","background-repeat":"repeat","background-position":"center center","background-size":"auto","background-attachment":"scroll","background-type":"","background-media":"","overlay-type":"","overlay-color":"","overlay-opacity":"","overlay-gradient":""},"tablet":{"background-color":"var(--ast-global-color-5)","background-image":"","background-repeat":"repeat","background-position":"center center","background-size":"auto","background-attachment":"scroll","background-type":"","background-media":"","overlay-type":"","overlay-color":"","overlay-opacity":"","overlay-gradient":""},"mobile":{"background-color":"var(--ast-global-color-5)","background-image":"","background-repeat":"repeat","background-position":"center center","background-size":"auto","background-attachment":"scroll","background-type":"","background-media":"","overlay-type":"","overlay-color":"","overlay-opacity":"","overlay-gradient":""}},"footnotes":""},"class_list":["post-5337","page","type-page","status-publish","hentry"],"_links":{"self":[{"href":"https:\/\/campingclara.com\/de\/wp-json\/wp\/v2\/pages\/5337","targetHints":{"allow":["GET"]}}],"collection":[{"href":"https:\/\/campingclara.com\/de\/wp-json\/wp\/v2\/pages"}],"about":[{"href":"https:\/\/campingclara.com\/de\/wp-json\/wp\/v2\/types\/page"}],"author":[{"embeddable":true,"href":"https:\/\/campingclara.com\/de\/wp-json\/wp\/v2\/users\/6"}],"replies":[{"embeddable":true,"href":"https:\/\/campingclara.com\/de\/wp-json\/wp\/v2\/comments?post=5337"}],"version-history":[{"count":6,"href":"https:\/\/campingclara.com\/de\/wp-json\/wp\/v2\/pages\/5337\/revisions"}],"predecessor-version":[{"id":6190,"href":"https:\/\/campingclara.com\/de\/wp-json\/wp\/v2\/pages\/5337\/revisions\/6190"}],"wp:attachment":[{"href":"https:\/\/campingclara.com\/de\/wp-json\/wp\/v2\/media?parent=5337"}],"curies":[{"name":"wp","href":"https:\/\/api.w.org\/{rel}","templated":true}]}}