{"id":4678,"date":"2024-02-08T14:09:15","date_gmt":"2024-02-08T13:09:15","guid":{"rendered":"https:\/\/campingclara.com\/?page_id=4678"},"modified":"2024-07-11T19:14:20","modified_gmt":"2024-07-11T17:14:20","slug":"conditions-de-reservation","status":"publish","type":"page","link":"https:\/\/campingclara.com\/fr\/condicions-de-reserva\/","title":{"rendered":"Conditions de r\u00e9servation"},"content":{"rendered":"<div data-elementor-type=\"wp-page\" data-elementor-id=\"4678\" class=\"elementor elementor-4678\" data-elementor-post-type=\"page\">\n\t\t\t\t<div class=\"elementor-element elementor-element-9ffb61e e-flex e-con-boxed e-con e-parent\" data-id=\"9ffb61e\" data-element_type=\"container\" data-e-type=\"container\" data-settings=\"{&quot;background_background&quot;:&quot;classic&quot;,&quot;jet_parallax_layout_list&quot;:[]}\">\n\t\t\t\t\t<div class=\"e-con-inner\">\n\t\t\t\t\t<\/div>\n\t\t\t\t<\/div>\n\t\t<div class=\"elementor-element elementor-element-35dc0a8 e-flex e-con-boxed e-con e-parent\" data-id=\"35dc0a8\" data-element_type=\"container\" data-e-type=\"container\" data-settings=\"{&quot;background_background&quot;:&quot;classic&quot;,&quot;jet_parallax_layout_list&quot;:[]}\">\n\t\t\t\t\t<div class=\"e-con-inner\">\n\t\t\t\t<div class=\"elementor-element elementor-element-02b0a14 elementor-widget elementor-widget-text-editor\" data-id=\"02b0a14\" data-element_type=\"widget\" data-e-type=\"widget\" data-widget_type=\"text-editor.default\">\n\t\t\t\t<div class=\"elementor-widget-container\">\n\t\t\t\t\t\t\t\t\t<p>Le fait de r\u00e9server un s\u00e9jour au camping implique la pleine adh\u00e9sion au n\u00f4tre&nbsp;<b>conditions g\u00e9n\u00e9rales<\/b>.&nbsp;<\/p>\n<ul>\n<li>Le titulaire de la r\u00e9servation doit \u00eatre majeur.<\/li>\n<li>La r\u00e9servation est personnelle et ne peut \u00eatre c\u00e9d\u00e9e sans autorisation pr\u00e9alable du Camping.<\/li>\n<li>Les r\u00e9servations n&#039;engagent le Camping Clar\u00e0 que, s&#039;il les accepte, ce qu&#039;il est libre de faire ou de ne pas faire, en fonction de la disponibilit\u00e9, et d&#039;une mani\u00e8re g\u00e9n\u00e9rale, de toutes les circonstances pouvant nuire \u00e0 l&#039;ex\u00e9cution de la r\u00e9servation effectu\u00e9e. Le Camping Clar\u00e0 r\u00e9serve l&#039;admission ou la permanence conform\u00e9ment \u00e0 l&#039;article 31 bis de la loi 13\/2002 sur le tourisme en Catalogne.<\/li>\n<li>Il est indispensable d&#039;effectuer un contre-remboursement du 40% du montant total du s\u00e9jour au plus tard 48 heures apr\u00e8s avoir effectu\u00e9 la pr\u00e9-r\u00e9servation. Vous pouvez effectuer ce paiement par virement bancaire (\u00e0 condition que la date d&#039;arriv\u00e9e soit apr\u00e8s 7 jours apr\u00e8s la r\u00e9servation) ou par carte de cr\u00e9dit via notre site Web ou en fournissant les d\u00e9tails de la carte par fax, e-mail ou t\u00e9l\u00e9phone. Le solde restant devra \u00eatre r\u00e9gl\u00e9 le jour de l&#039;arriv\u00e9e par carte bancaire ou en esp\u00e8ces.<\/li>\n<li>Le processus de r\u00e9servation se termine par la confirmation envoy\u00e9e par le camping, par email, lors de la r\u00e9ception de l&#039;acompte de r\u00e9servation.<\/li>\n<li>Le titulaire de la r\u00e9servation devra v\u00e9rifier la confirmation de la r\u00e9servation et signaler imm\u00e9diatement \u00e0 Camping Clar\u00e0, par \u00e9crit ou par email, toute erreur qui pourrait \u00eatre d\u00e9tect\u00e9e.<\/li>\n<li>Un num\u00e9ro d&#039;h\u00e9bergement sp\u00e9cifique n&#039;est pas r\u00e9serv\u00e9, \u00e0 l&#039;arriv\u00e9e il sera indiqu\u00e9 lequel est attribu\u00e9 ; Si vous avez une pr\u00e9f\u00e9rence, vous pouvez la marquer dans les commentaires et nous essaierons de vous plaire.<\/li>\n<li>La r\u00e9servation sera conserv\u00e9e jusqu&#039;au 12<sup>00<\/sup>h du lendemain \u00e0 la date d&#039;arriv\u00e9e convenue. La non pr\u00e9sentation du client pass\u00e9 ce moment entra\u00eenera son annulation et la perte du montant livr\u00e9. La soci\u00e9t\u00e9 se r\u00e9serve le droit de relouer le logement.<\/li>\n<li>Au moment de l&#039;inscription, il est n\u00e9cessaire de pr\u00e9senter \u00e0 la R\u00e9ception la pi\u00e8ce d&#039;identit\u00e9 ou le passeport original du propri\u00e9taire et de chaque accompagnant. Il est obligatoire et de la responsabilit\u00e9 du titulaire de la r\u00e9servation d&#039;inscrire toutes les personnes qui l&#039;accompagnent.<\/li>\n<li>Le total de votre r\u00e9servation vous sera factur\u00e9 dans le cas o\u00f9 vous d\u00e9cidez de reporter votre arriv\u00e9e ou de r\u00e9duire la dur\u00e9e de votre r\u00e9servation sans le pr\u00e9avis requis.<\/li>\n<li>Camping Clar\u00e0 se r\u00e9serve le droit de rectifier d&#039;\u00e9ventuelles erreurs de tarifs factur\u00e9es au client caus\u00e9es par une erreur dans le syst\u00e8me de r\u00e9servation en ligne. Dans ce cas, la soci\u00e9t\u00e9 notifiera l&#039;erreur dans un d\u00e9lai maximum de 48 heures, laissant au client la possibilit\u00e9 d&#039;accepter les bons param\u00e8tres ou d&#039;annuler la r\u00e9servation effectu\u00e9e sans frais pour le client.<\/li>\n<li>R\u00c9SERVATION DE GROUPE : Pour demander une r\u00e9servation de groupe, vous devez toujours contacter Camping Clar\u00e0 par email. Camping Clar\u00e0 se r\u00e9serve le droit d&#039;examiner la demande avant de confirmer la r\u00e9servation.<\/li>\n<li>TAXE TOURISTIQUE:<strong>&nbsp;<\/strong>Conform\u00e9ment \u00e0 la loi 5\/2012 du 20 mars relative aux mesures fiscales, financi\u00e8res et administratives et \u00e0 la cr\u00e9ation de la taxe sur les s\u00e9jours dans les \u00e9tablissements touristiques, le client est tenu de payer la taxe de s\u00e9jour directement au camping : 0,50 \u20ac par personne\/jour. , jusqu&#039;\u00e0 un maximum de sept nuits (les moins de 16 ans sont exempt\u00e9s).<\/li>\n<\/ul>\n<div>&nbsp;<\/div>\n<div>&nbsp;<\/div>\n<div>&nbsp;<\/div>\n<p><strong>H\u00c9BERGEMENT (STUDIOS, COMMERCES ET BUNGALOWS) :<\/strong><\/p>\n<ul>\n<li>S\u00e9jours minimaux\u00a0:\n<ul>\n<li>2 nuits<\/li>\n<li>3 nuits pendant la Semaine Sainte et les jours f\u00e9ri\u00e9s<\/li>\n<li>5 nuits en juillet et ao\u00fbt<\/li>\n<\/ul>\n<\/li>\n<\/ul>\n<p>La soci\u00e9t\u00e9 se r\u00e9serve le droit d&#039;exiger un s\u00e9jour minimum les jours f\u00e9ri\u00e9s et jours f\u00e9ri\u00e9s.<\/p>\n<ul>\n<li>Le jour de l&#039;arriv\u00e9e, 100 \u20ac seront vers\u00e9s ou une carte de cr\u00e9dit sera fournie en guise de caution ; montant qui sera restitu\u00e9 au moment du d\u00e9part une fois l&#039;\u00e9tat du logement v\u00e9rifi\u00e9. Ils doivent laisser le logement en bon \u00e9tat de propret\u00e9 (par exemple poubelles enlev\u00e9es et ustensiles de cuisine propres), ainsi que le mobilier situ\u00e9 en position initiale au moment de l&#039;entr\u00e9e. Le camping se r\u00e9serve le droit de facturer 30 \u20ac de m\u00e9nage si n\u00e9cessaire.<\/li>\n<li>A aucun moment le nombre maximum de personnes autoris\u00e9es pour l\u2019h\u00e9bergement ne peut \u00eatre d\u00e9pass\u00e9. Camping Clar\u00e0 se r\u00e9serve le droit de refuser l&#039;acc\u00e8s au camping aux groupes ou familles se pr\u00e9sentant avec un nombre de membres sup\u00e9rieur \u00e0 la capacit\u00e9 de l&#039;h\u00e9bergement lou\u00e9.<\/li>\n<li>Les animaux domestiques ne sont PAS admis dans les Mobil home O&#039;hara, Muntanyans Romantic et Muntanyans Familiar. Les animaux domestiques sont admis UNIQUEMENT dans certains Bungalows et Studios Clar\u00e0 Cottage avec autorisation expresse.<\/li>\n<li>Un seul v\u00e9hicule par unit\u00e9 r\u00e9serv\u00e9e est accept\u00e9.<\/li>\n<li>L&#039;heure d&#039;arriv\u00e9e est \u00e0 partir de 16h<sup>00<\/sup>et l&#039;heure de d\u00e9part est avant 12 heures<sup>00<\/sup>midi<\/li>\n<li>Les draps et les serviettes ne sont pas inclus. Disponible \u00e0 la location \u00e0 la r\u00e9ception.<\/li>\n<\/ul>\n<p><strong>CAMPING \u2013 PARCELLES :<\/strong><\/p>\n<ul>\n<li>Le prix de l&#039;emplacement comprend l&#039;unit\u00e9 de camping (tente, caravane ou camping-car), l&#039;acc\u00e8s aux sanitaires et aux infrastructures du camping.<\/li>\n<li>Un seul v\u00e9hicule par unit\u00e9 r\u00e9serv\u00e9e est accept\u00e9.<\/li>\n<li>L&#039;occupation maximale par parcelle est de 6 personnes (enfants inclus).<\/li>\n<li>Les personnes voyageant avec un chien doivent l&#039;indiquer au moment de la r\u00e9servation et l&#039;enregistrer \u00e0 leur arriv\u00e9e au Camping. Les chiens de races consid\u00e9r\u00e9es comme dangereuses ne sont pas admis. Les chiens doivent toujours \u00eatre tenus en laisse et le propri\u00e9taire est responsable de leur bon comportement.<\/li>\n<li>Il est n\u00e9cessaire d&#039;indiquer dans la r\u00e9servation s&#039;ils s\u00e9journeront en camping-car, caravane ou tente.<\/li>\n<li>L&#039;heure d&#039;arriv\u00e9e est 12 heures<sup>00<\/sup>a 23<sup>00<\/sup>h.<\/li>\n<li>La parcelle doit \u00eatre propre et libre avant 11 heures<sup>00<\/sup>h \u00e0 partir de midi le dernier jour de votre s\u00e9jour (par exemple, sans aucun objet laiss\u00e9 au sol ou suspendu entre les arbres). S&#039;ils d\u00e9passent cette heure, ils doivent payer une journ\u00e9e suppl\u00e9mentaire.<\/li>\n<li>La soci\u00e9t\u00e9 se r\u00e9serve le droit d&#039;exiger un s\u00e9jour minimum les jours f\u00e9ri\u00e9s et jours f\u00e9ri\u00e9s.<\/li>\n<li><strong>NON<\/strong>&nbsp;s&#039;appliquera&nbsp;<u>Le taux<\/u>&nbsp;ACSI, ADAC, BEST DEAL, Camping Key, etc. pour les r\u00e9servations web.<\/li>\n<\/ul>\n<p><strong>CONDITIONS DE MODIFICATIONS :<\/strong><\/p>\n<ul>\n<li>Toute modification d&#039;une r\u00e9servation confirm\u00e9e doit \u00eatre demand\u00e9e par \u00e9crit et avec la signature du titulaire de la r\u00e9servation. Le changement, si possible, sera accept\u00e9 par \u00e9crit par le Camping.<\/li>\n<\/ul>\n<p><strong>CONDITIONS D&#039;ANNULATION :<\/strong><\/p>\n<ul>\n<li>Le non-paiement de l&#039;acompte dans les 48 heures entra\u00eenera l&#039;annulation imm\u00e9diate de la demande de r\u00e9servation.<\/li>\n<li>Toute annulation doit \u00eatre notifi\u00e9e par fax ou email.<\/li>\n<li>Notre&nbsp;<strong>politique d&#039;annulation<\/strong>, selon la date de sa notification, est :\n<ul>\n<li>jusqu&#039;\u00e0 30 jours avant = retour du 90%<\/li>\n<li>entre 29 et 15 jours avant = retour du 50%<\/li>\n<li>14 jours ou moins avant = pas de retour<\/li>\n<\/ul>\n<\/li>\n<\/ul>\n<ul><li>La soci\u00e9t\u00e9 se r\u00e9serve le droit, en cas de&nbsp;<em>surr\u00e9servation<\/em>&nbsp;ou tout autre motif justifiable, d&#039;annuler la r\u00e9servation dans un d\u00e9lai maximum de 48 heures apr\u00e8s votre demande. Dans ce cas, il s&#039;engage \u00e0 pr\u00e9venir le client dans les plus brefs d\u00e9lais et s&#039;il avait pay\u00e9 l&#039;avance de la r\u00e9servation, il lui serait rembours\u00e9 la totalit\u00e9 du montant.<\/li>\n<li>Le Camping propose une assurance annulation \u00e0 ses clients. Plus d&#039;informations au 977 643 480.<\/li>\n<\/ul>\n<p>Camping Clar\u00e0 met \u00e0 jour le contenu du Web le plus rapidement possible. Il peut n\u00e9anmoins contenir des erreurs. C&#039;est pourquoi les r\u00e9f\u00e9rences (images, prix et descriptions) des produits et services ont un caract\u00e8re exclusivement indicatif et n&#039;ont aucun caract\u00e8re contractuel ou contraignant.<\/p>\n<p><strong>Le client, au moment de faire la pr\u00e9-r\u00e9servation, acquiert l&#039;engagement de lire les pr\u00e9sentes conditions de r\u00e9servation, le paiement de la r\u00e9servation et le prix total du s\u00e9jour contract\u00e9 \u00e9tant un signal d&#039;acceptation de celle-ci et du r\u00e8glement int\u00e9rieur de Camping Clar\u00e0. .<\/strong><\/p>\n<h3>CLAUSE D&#039;INFORMATION SUR LA PROTECTION DES DONN\u00c9ES<\/h3>\n<table width=\"100%\">\n<tbody>\n<tr>\n<td><strong>responsable<\/strong><\/td>\n<td><strong>CLAR\u00c0 VILLAGE TUR\u00cdSTIC, SL \u2013 CAMPING CLAR\u00c0 \u2013<\/strong><\/td>\n<\/tr>\n<tr>\n<td><strong>but<\/strong><\/td>\n<td>Collecte de donn\u00e9es pour g\u00e9rer votre demande de r\u00e9servation et pour vous envoyer des informations p\u00e9riodiques sur nos produits et services par voie \u00e9lectronique \u00e0 condition que nous autorisons votre traitement.<\/td>\n<\/tr>\n<tr>\n<td><strong>L\u00e9gitimation<\/strong><\/td>\n<td>Consentement de l&#039;int\u00e9ress\u00e9.<\/td>\n<\/tr>\n<tr>\n<td><strong>Destinataires<\/strong><\/td>\n<td>Les donn\u00e9es ne seront pas transf\u00e9r\u00e9es \u00e0 des tiers, sauf obligation l\u00e9gale ou int\u00e9r\u00eat contractuel.<\/td>\n<\/tr>\n<tr>\n<td><strong>droits<\/strong><\/td>\n<td>Acc\u00e9der, rectifier et supprimer les donn\u00e9es, ainsi que d&#039;autres droits identifi\u00e9s dans les informations compl\u00e9mentaires RGPDUE<\/td>\n<\/tr>\n<tr>\n<td><strong>Informations Compl\u00e9mentaires<\/strong><\/td>\n<td>Vous pouvez consulter des informations compl\u00e9mentaires et d\u00e9taill\u00e9es sur la protection des donn\u00e9es sur notre site Internet : campingclara.es<\/td>\n<\/tr>\n<\/tbody>\n<\/table>\t\t\t\t\t\t\t\t<\/div>\n\t\t\t\t<\/div>\n\t\t\t\t\t<\/div>\n\t\t\t\t<\/div>\n\t\t\t\t<\/div>","protected":false},"excerpt":{"rendered":"<p>El fet de reservar una estada en el c\u00e0mping implica l\u2019adhesi\u00f3 completa a les nostres&nbsp;condicions generals.&nbsp; El titular de la reserva tiene que ser mayor de edad. La reserva es personal y no se puede transferir sin autorizaci\u00f3n previa del Camping. Las reservas solo vinculan al Camping Clar\u00e0, si \u00e9ste las acepta, el que es [&hellip;]<\/p>\n","protected":false},"author":6,"featured_media":0,"parent":0,"menu_order":0,"comment_status":"closed","ping_status":"closed","template":"","meta":{"site-sidebar-layout":"no-sidebar","site-content-layout":"page-builder","ast-site-content-layout":"full-width-container","site-content-style":"default","site-sidebar-style":"default","ast-global-header-display":"","ast-banner-title-visibility":"","ast-main-header-display":"","ast-hfb-above-header-display":"","ast-hfb-below-header-display":"","ast-hfb-mobile-header-display":"","site-post-title":"disabled","ast-breadcrumbs-content":"","ast-featured-img":"disabled","footer-sml-layout":"","ast-disable-related-posts":"","theme-transparent-header-meta":"","adv-header-id-meta":"","stick-header-meta":"","header-above-stick-meta":"","header-main-stick-meta":"","header-below-stick-meta":"","astra-migrate-meta-layouts":"set","ast-page-background-enabled":"default","ast-page-background-meta":{"desktop":{"background-color":"","background-image":"","background-repeat":"repeat","background-position":"center center","background-size":"auto","background-attachment":"scroll","background-type":"","background-media":"","overlay-type":"","overlay-color":"","overlay-opacity":"","overlay-gradient":""},"tablet":{"background-color":"","background-image":"","background-repeat":"repeat","background-position":"center center","background-size":"auto","background-attachment":"scroll","background-type":"","background-media":"","overlay-type":"","overlay-color":"","overlay-opacity":"","overlay-gradient":""},"mobile":{"background-color":"","background-image":"","background-repeat":"repeat","background-position":"center center","background-size":"auto","background-attachment":"scroll","background-type":"","background-media":"","overlay-type":"","overlay-color":"","overlay-opacity":"","overlay-gradient":""}},"ast-content-background-meta":{"desktop":{"background-color":"var(--ast-global-color-5)","background-image":"","background-repeat":"repeat","background-position":"center center","background-size":"auto","background-attachment":"scroll","background-type":"","background-media":"","overlay-type":"","overlay-color":"","overlay-opacity":"","overlay-gradient":""},"tablet":{"background-color":"var(--ast-global-color-5)","background-image":"","background-repeat":"repeat","background-position":"center center","background-size":"auto","background-attachment":"scroll","background-type":"","background-media":"","overlay-type":"","overlay-color":"","overlay-opacity":"","overlay-gradient":""},"mobile":{"background-color":"var(--ast-global-color-5)","background-image":"","background-repeat":"repeat","background-position":"center center","background-size":"auto","background-attachment":"scroll","background-type":"","background-media":"","overlay-type":"","overlay-color":"","overlay-opacity":"","overlay-gradient":""}},"footnotes":""},"class_list":["post-4678","page","type-page","status-publish","hentry"],"_links":{"self":[{"href":"https:\/\/campingclara.com\/fr\/wp-json\/wp\/v2\/pages\/4678","targetHints":{"allow":["GET"]}}],"collection":[{"href":"https:\/\/campingclara.com\/fr\/wp-json\/wp\/v2\/pages"}],"about":[{"href":"https:\/\/campingclara.com\/fr\/wp-json\/wp\/v2\/types\/page"}],"author":[{"embeddable":true,"href":"https:\/\/campingclara.com\/fr\/wp-json\/wp\/v2\/users\/6"}],"replies":[{"embeddable":true,"href":"https:\/\/campingclara.com\/fr\/wp-json\/wp\/v2\/comments?post=4678"}],"version-history":[{"count":0,"href":"https:\/\/campingclara.com\/fr\/wp-json\/wp\/v2\/pages\/4678\/revisions"}],"wp:attachment":[{"href":"https:\/\/campingclara.com\/fr\/wp-json\/wp\/v2\/media?parent=4678"}],"curies":[{"name":"wp","href":"https:\/\/api.w.org\/{rel}","templated":true}]}}