{"id":4683,"date":"2024-02-08T14:11:07","date_gmt":"2024-02-08T13:11:07","guid":{"rendered":"https:\/\/campingclara.com\/?page_id=4683"},"modified":"2025-12-15T12:02:44","modified_gmt":"2025-12-15T11:02:44","slug":"reglement-du-camping","status":"publish","type":"page","link":"https:\/\/campingclara.com\/fr\/reglament-del-camping\/","title":{"rendered":"R\u00e8glement du camping"},"content":{"rendered":"<div data-elementor-type=\"wp-page\" data-elementor-id=\"4683\" class=\"elementor elementor-4683\" data-elementor-post-type=\"page\">\n\t\t\t\t<div class=\"elementor-element elementor-element-ad2f217 e-flex e-con-boxed e-con e-parent\" data-id=\"ad2f217\" data-element_type=\"container\" data-e-type=\"container\" data-settings=\"{&quot;background_background&quot;:&quot;classic&quot;,&quot;jet_parallax_layout_list&quot;:[]}\">\n\t\t\t\t\t<div class=\"e-con-inner\">\n\t\t\t\t\t<\/div>\n\t\t\t\t<\/div>\n\t\t<div class=\"elementor-element elementor-element-f2c62be e-flex e-con-boxed e-con e-parent\" data-id=\"f2c62be\" data-element_type=\"container\" data-e-type=\"container\" data-settings=\"{&quot;background_background&quot;:&quot;classic&quot;,&quot;jet_parallax_layout_list&quot;:[]}\">\n\t\t\t\t\t<div class=\"e-con-inner\">\n\t\t\t\t<div class=\"elementor-element elementor-element-8940e71 elementor-widget elementor-widget-text-editor\" data-id=\"8940e71\" data-element_type=\"widget\" data-e-type=\"widget\" data-widget_type=\"text-editor.default\">\n\t\t\t\t<div class=\"elementor-widget-container\">\n\t\t\t\t\t\t\t\t\t<p>Le camping dispose d&#039;un r\u00e8glement int\u00e9rieur que toute personne s&#039;inscrivant au camping et\/ou acc\u00e9dant a l&#039;obligation de respecter.<\/p><p>Toute disposition particuli\u00e8re du Camping expos\u00e9e publiquement fait partie de ce r\u00e8glement.<\/p><ul><li><strong>ACC\u00c8S AU CAMPING\u00a0:<\/strong>\u00a0L&#039;acc\u00e8s au camping et l&#039;utilisation de ses services sont r\u00e9serv\u00e9s \u00e0 ceux qui y ont contract\u00e9 leur s\u00e9jour. La Direction du Camping se r\u00e9serve le droit d&#039;entr\u00e9e et annulera le contrat aux clients qui troublent la tranquillit\u00e9, ne respectent pas les r\u00e8gles \u00e9l\u00e9mentaires. de coexistence sociale et d&#039;\u00e9ducation et, en g\u00e9n\u00e9ral, ne respectent pas les principes de la vie civilis\u00e9e tels qu&#039;\u00e9tablis par le pr\u00e9sent r\u00e8glement officiel et le r\u00e9gime de camping interne de la FCC<\/li><li><strong>R\u00c9CEPTION:\u00a0<\/strong>Nous sommes \u00e0 votre disposition pour vous accueillir personnellement et vous informer sur les services qu&#039;offrent le camping et la r\u00e9gion, ainsi que : r\u00e9servations, informations touristiques, service de fax, vente de billets, excursions, cartes postales, timbres et connexions WIFI ou location de coffres-forts, v\u00e9los et r\u00e9frig\u00e9rateurs. N&#039;h\u00e9sitez pas \u00e0 solliciter notre aide pour toute autre information.<\/li><li><strong>INSCRIPTION:\u00a0<\/strong>Les clients doivent formaliser le contrat d&#039;inscription \u00e0 la R\u00e9ception au moment de leur arriv\u00e9e, en indiquant pr\u00e9cis\u00e9ment le nombre de personnes, de v\u00e9hicules et tout autre \u00e9l\u00e9ment payant. Le contrat sera sign\u00e9 par le client, qui acceptera ainsi ses clauses. Toute modification de ce qui a \u00e9t\u00e9 d\u00e9clar\u00e9 doit \u00eatre communiqu\u00e9e imm\u00e9diatement \u00e0 la R\u00e9ception. Le titulaire du bulletin d&#039;inscription doit \u00eatre majeur et sera responsable de tous les actes et dommages que lui et\/ou ses accompagnants pourraient causer. Le s\u00e9jour sera r\u00e9gl\u00e9 en totalit\u00e9 au moment de l&#039;inscription.<\/li><li><strong>PARCELLES\u00a0:<\/strong>\u00a0L&#039;heure d&#039;arriv\u00e9e est de 12h00 \u00e0 23h00. Le nombre maximum d&#039;occupants par parcelle est de 6 personnes, enfants inclus. Vous ne pourrez occuper votre parcelle qu&#039;une fois en possession du contrat d&#039;entr\u00e9e o\u00f9 le num\u00e9ro de parcelle est pr\u00e9cis\u00e9.<\/li><\/ul><p>Le personnel d&#039;accueil et de surveillance indiquera l&#039;emplacement \u00e0 utiliser et donnera les instructions pour sa bonne installation, par exemple le magasin de cuisine sera situ\u00e9 dans la partie donnant sur la rue et devra laisser un espace pour la voiture.<\/p><p>Il est totalement interdit de modifier la parcelle qui vous a \u00e9t\u00e9 attribu\u00e9e dans votre h\u00e9ritage, sans le communiquer \u00e0 la R\u00e9ception, ainsi que d&#039;installer des auvents, parasols, cl\u00f4tures de s\u00e9paration, attacher des cordes aux arbres \u00e0 une hauteur inf\u00e9rieure \u00e0 1,80 m ou tout autre \u00e9l\u00e9ment pour lequel une autorisation pr\u00e9alable n\u2019a pas \u00e9t\u00e9 obtenue.<\/p><p>Le v\u00e9hicule doit rester \u00e0 l&#039;int\u00e9rieur de la parcelle (tant qu&#039;il le permet) ou \u00e0 l&#039;endroit qui lui est attribu\u00e9 par le personnel d&#039;accueil ou de surveillance. Il est interdit de garer le v\u00e9hicule dans les emplacements inoccup\u00e9s ou dans les rues du camping.<\/p><p>D\u00e9part : La journ\u00e9e de camping se termine \u00e0 12h00. Les d\u00e9parts apr\u00e8s cette heure entra\u00eeneront une journ\u00e9e suppl\u00e9mentaire.<\/p><ul><li><strong>H\u00c9BERGEMENT\u00a0:\u00a0<\/strong>L&#039;heure d&#039;arriv\u00e9e est \u00e0 partir de 16h00. Vous ne pourrez occuper votre logement qu&#039;une fois en possession du contrat d&#039;entr\u00e9e o\u00f9 est pr\u00e9cis\u00e9 le num\u00e9ro de logement. Il est interdit de placer des tentes de tout type \u00e0 l&#039;ext\u00e9rieur du logement. Tous les logements disposent d&#039;un inventaire o\u00f9 sont r\u00e9pertori\u00e9s les ustensiles fournis. Si vous constatez qu&#039;il manque quelque chose, n&#039;h\u00e9sitez pas \u00e0 en informer la r\u00e9ception afin qu&#039;il soit remplac\u00e9. Les h\u00e9bergements ne comprennent pas le linge de lit ni les serviettes, s&#039;ils ne sont pas pr\u00e9vus dans votre r\u00e9servation. Au moment de l&#039;inscription, une caution de 100 \u20ac vous sera demand\u00e9e, qui vous sera restitu\u00e9e lors de votre d\u00e9part, \u00e0 condition de laisser le logement en bon \u00e9tat. Garez votre v\u00e9hicule, exclusivement, sur l&#039;emplacement attribu\u00e9 (un seul v\u00e9hicule par logement est autoris\u00e9).<\/li><\/ul><p>D\u00e9part : Le logement doit \u00eatre lib\u00e9r\u00e9 avant 12h00.<\/p><ul><li><strong>PAIEMENT DU S\u00c9JOUR :\u00a0<\/strong>\u00c0 votre arriv\u00e9e, vous devez payer la totalit\u00e9 du s\u00e9jour. Nous acceptons les esp\u00e8ces et les cartes de cr\u00e9dit\/d\u00e9bit. En supposant que votre arriv\u00e9e ait eu lieu apr\u00e8s la date d&#039;arriv\u00e9e convenue, toujours avec un pr\u00e9avis \u00e9crit, et\/ou que le d\u00e9part ait eu lieu avant la date de d\u00e9part convenue, vous devrez payer la totalit\u00e9 du s\u00e9jour contract\u00e9.<\/li><\/ul><p>Dans le cas de tarifs forfaitaires, les conditions de paiement seront r\u00e9gies par votre contrat particulier.<\/p><ul><li><strong>VISITES :<\/strong>\u00a0Ils sont toujours autoris\u00e9s lors de leur inscription \u00e0 la R\u00e9ception en pr\u00e9sentant leur carte d&#039;identit\u00e9 ou leur passeport. Si la visite d\u00e9passe 2 heures, elle doit \u00eatre pay\u00e9e selon le tarif en vigueur. Les visiteurs n&#039;ont pas le droit d&#039;entrer dans le camping avec leur v\u00e9hicule.<\/li><li><strong>HORAIRE DE REPOS<\/strong>\u00a0(de 14h00 \u00e0 17h00 et de 22h00 \u00e0 00h00) : Pendant les heures de repos, il est demand\u00e9 aux campeurs de baisser le volume des radios, t\u00e9l\u00e9viseurs et appareils similaires.<\/li><li><strong>HEURES DE SILENCE<\/strong>\u00a0(de minuit \u00e0 8h00). Pendant ces horaires, et pour le b\u00e9n\u00e9fice de tous, le silence doit \u00eatre absolu et la circulation des v\u00e9hicules n&#039;est pas autoris\u00e9e. De la m\u00eame mani\u00e8re, et afin de ne pas d\u00e9ranger les voisins, pendant ces heures il n&#039;est pas permis de jeter des d\u00e9chets dans les conteneurs ni d&#039;utiliser les \u00e9viers ou les buanderies. Les t\u00e9l\u00e9viseurs, radios et autres sont autoris\u00e9s \u00e0 un volume appropri\u00e9. Toutefois, si la Direction le juge opportun, elle pourra en interdire l&#039;utilisation.<\/li><li><strong>TENTES OU CARAVANES INOCCUP\u00c9ES\u00a0:<\/strong>\u00a0Le mat\u00e9riel laiss\u00e9 inoccup\u00e9 sans l&#039;autorisation de la R\u00e9ception sera consid\u00e9r\u00e9 comme abandonn\u00e9 par son propri\u00e9taire et emport\u00e9 par le personnel du Camping, qui pourra en disposer librement et sera exon\u00e9r\u00e9 de toute responsabilit\u00e9 en cas de perte ou de d\u00e9t\u00e9rioration ult\u00e9rieure.<\/li><li><strong>CIRCULATION DES V\u00c9HICULES\u00a0:<\/strong>\u00a0\u00a0La vitesse maximale autoris\u00e9e \u00e0 l\u2019int\u00e9rieur de l\u2019enceinte est de 10 km\/h. Afin de ne pas d\u00e9ranger le reste des autres campeurs, veuillez ne pas utiliser le v\u00e9hicule pendant les heures de repos et son utilisation est totalement interdite de 24h00 \u00e0 8h00, sauf situations d&#039;urgence pr\u00e9alablement autoris\u00e9es. Toutes les personnes arrivant ou souhaitant repartir pendant les heures calmes doivent garer leur v\u00e9hicule \u00e0 l&#039;ext\u00e9rieur du camping.<\/li><\/ul><p>L&#039;utilisation inutile de v\u00e9hicules \u00e0 moteur \u00e0 l&#039;int\u00e9rieur du Camping est interdite.<\/p><ul><li><strong>V\u00c9LOS:\u00a0<\/strong>La conduite de mani\u00e8re dangereuse ou comp\u00e9titive est totalement interdite, ainsi que sa consommation entre 21h00 et 8h00. Les cyclistes respecteront en tout temps les panneaux de signalisation.<\/li><li><strong>ANIMAUX DOMESTIQUES:<\/strong>\u00a0Ils sont autoris\u00e9s sur les emplacements et dans certains h\u00e9bergements \u00e0 condition de s&#039;inscrire. Il est n\u00e9cessaire de les garder attach\u00e9s et contr\u00f4l\u00e9s \u00e0 tout moment (il n&#039;est pas permis de les laisser seuls). Selon la loi sur les animaux de compagnie, ils seront correctement identifi\u00e9s et devront disposer d&#039;une assurance responsabilit\u00e9 civile valide, d&#039;un certificat de sant\u00e9 et d&#039;un mod\u00e8le de certificat v\u00e9t\u00e9rinaire ou de passeport selon leur esp\u00e8ce. Les chiens consid\u00e9r\u00e9s comme dangereux selon la r\u00e9glementation de la Generalitat de Catalunya ne sont pas admis.<\/li><\/ul><p>Dans le cas o\u00f9 des animaux domestiques d\u00e9f\u00e8quent sur le camping, le propri\u00e9taire devra les r\u00e9cup\u00e9rer et sera responsable des d\u00e9g\u00e2ts qu&#039;ils pourraient occasionner. Les sanitaires, le bar, le restaurant, le supermarch\u00e9 et la r\u00e9ception sont interdits.<\/p><ul><li><strong>PARC POUR ENFANTS\u00a0:<\/strong>\u00a0Usage exclusif pour les enfants de 3 \u00e0 10 ans, qui doivent \u00eatre accompagn\u00e9s d&#039;un adulte. Ces zones ne sont pas surveill\u00e9es. Le camping d\u00e9cline toute responsabilit\u00e9 envers les parents\/tuteurs, qui sont responsables de la s\u00e9curit\u00e9 de leur enfant.<\/li><li><strong>SOURCES:<\/strong>\u00a0Les fontaines du camping fournissent de l&#039;eau potable, elles sont donc r\u00e9serv\u00e9es \u00e0 l&#039;usage exclusif de la collecte d&#039;eau. Pour des raisons d&#039;hygi\u00e8ne \u00e9videntes, il est interdit d&#039;utiliser les fontaines pour tout type d&#039;hygi\u00e8ne personnelle ou autre, comme par exemple : laver les pieds, les chaussures ou les animaux. Pour le nettoyage des ustensiles de cuisine et des v\u00eatements, ils disposent d&#039;\u00e9viers adapt\u00e9s \u00e0 cet usage. Bien entendu, vous ne pouvez vider aucun type de substance, comme les restes de nourriture ou les toilettes chimiques.<\/li><li><strong>EAUX US\u00c9ES:<\/strong>\u00a0L&#039;utilisation du bidon correspondant est obligatoire et ceux-ci doivent \u00eatre vid\u00e9s uniquement et exclusivement dans les toilettes chimiques situ\u00e9es dans le bloc sanitaire.<\/li><li><strong>FOURNITURE \u00c9LECTRIQUE:<\/strong>\u00a0Les c\u00e2bles \u00e9lectriques doivent avoir une connexion \u00e0 la terre et doivent \u00eatre correctement isol\u00e9s. Les connexions externes ne sont pas autoris\u00e9es. Chaque parcelle dispose d&#039;un seul branchement \u00e9lectrique. Il est recommand\u00e9, pour des raisons de s\u00e9curit\u00e9, de d\u00e9brancher l&#039;\u00e9lectricit\u00e9 lorsqu&#039;on ne passe pas la nuit. Les portes des bo\u00eetes de ravitaillement doivent toujours \u00eatre ferm\u00e9es.<\/li><li><strong>LAVEUR DE VOITURE:<\/strong>\u00a0Le camping dispose d&#039;un endroit sp\u00e9cifique pour le lavage des voitures. Les nettoyer ailleurs est interdit.<\/li><li><strong>AFFICHES:<\/strong>\u00a0Il est totalement interdit de coller des affiches sur le mobilier ou les arbres du camping.<\/li><li><strong>BARBECUES\u00a0:<\/strong>\u00a0Il est interdit d&#039;allumer tout type de feu sur le terrain, \u00e0 l&#039;exception des po\u00eales \u00e0 gaz butane ou des barbecues portables au charbon de bois, toujours \u00e0 l&#039;\u00e9cart des caravanes, des commerces, des arbres et de la v\u00e9g\u00e9tation (recommand\u00e9 dans la zone de la parcelle qui touche \u00e0 la rue). ) et en adoptant les mesures de s\u00e9curit\u00e9 maximales et lorsque les conditions atmosph\u00e9riques le permettent. Cette r\u00e8gle est sujette \u00e0 des variations en fonction des mesures de pr\u00e9vention foresti\u00e8re de la Generalitat de Catalunya.<\/li><li><strong>JARDINS:<\/strong>\u00a0Ils respectent les plantes, les arbres et les jardins.<\/li><li><strong>LESSIVE:<\/strong>\u00a0Le camping dispose de lave-linge et s\u00e8che-linge en libre-service. La Direction du Camping n&#039;est pas responsable des \u00e9ventuels dommages, d\u00e9colorations ou autres dommages qui pourraient survenir aux v\u00eatements. Si vous avez besoin d&#039;un service de repassage, veuillez contacter la r\u00e9ception.<\/li><li><strong>ORDURES:\u00a0<\/strong>Le camping dispose d&#039;une collecte s\u00e9lective des d\u00e9chets. Aidez-nous \u00e0 respecter l&#039;environnement en utilisant les conteneurs appropri\u00e9s pour jeter les d\u00e9chets, et jamais dans les parcelles ou dans les parties communes.<\/li><li><strong>S\u00c9CURIT\u00c9:\u00a0<\/strong>La Direction n&#039;est pas responsable des vols, pertes ou dommages survenus lors de votre s\u00e9jour au camping. Nous vous recommandons donc de ne pas laisser d\u2019objets de valeur \u00e0 la vue de tous et de fermer les portes et fen\u00eatres lorsque vous quittez votre logement. Pour plus de s\u00e9curit\u00e9, vous pouvez utiliser le service de location de coffre-fort \u00e0 la R\u00e9ception. Elle n&#039;est pas non plus responsable des dommages caus\u00e9s par les temp\u00eates, incendies, en cas de force majeure. Chaque campeur doit disposer d&#039;une assurance responsabilit\u00e9 civile.<\/li><li><strong>PLAINTES ET SUGGESTIONS\u00a0:\u00a0<\/strong>Chaque client a l&#039;obligation de conserver, d&#039;entretenir et de maintenir toutes les installations et accessoires en parfait \u00e9tat. Tout dommage, d\u00e9gradation ou destruction occasionn\u00e9 devra \u00eatre int\u00e9gralement rembours\u00e9 au Camping.<\/li><\/ul><p>Afin d&#039;am\u00e9liorer les installations et les services, veuillez nous informer des anomalies que vous observez et vous rendre \u00e0 la R\u00e9ception pour faire tout type de suggestion ou de r\u00e9clamation. Notre volont\u00e9 est d&#039;am\u00e9liorer les installations et les services jour apr\u00e8s jour.<\/p><p><strong>Nous appr\u00e9cions votre collaboration et vous souhaitons un agr\u00e9able s\u00e9jour au Camping Clar\u00e0.\u00a0<\/strong><\/p>\t\t\t\t\t\t\t\t<\/div>\n\t\t\t\t<\/div>\n\t\t\t\t\t<\/div>\n\t\t\t\t<\/div>\n\t\t\t\t<\/div>","protected":false},"excerpt":{"rendered":"<p>El camping dispone de un reglamento interno que cualquier persona que se inscriba en el camping y\/o acceda tiene la obligaci\u00f3n de cumplir. Forma parte de este reglamento cualquier disposici\u00f3n particular del Camping que se exponga p\u00fablicamente. ACCESO CAMPING:\u00a0El acceso al terreno del camping y la utilizaci\u00f3n de sus servicios est\u00e1 reservado para quienes hayan [&hellip;]<\/p>\n","protected":false},"author":6,"featured_media":0,"parent":0,"menu_order":0,"comment_status":"closed","ping_status":"closed","template":"","meta":{"site-sidebar-layout":"no-sidebar","site-content-layout":"page-builder","ast-site-content-layout":"full-width-container","site-content-style":"default","site-sidebar-style":"default","ast-global-header-display":"","ast-banner-title-visibility":"","ast-main-header-display":"","ast-hfb-above-header-display":"","ast-hfb-below-header-display":"","ast-hfb-mobile-header-display":"","site-post-title":"disabled","ast-breadcrumbs-content":"","ast-featured-img":"disabled","footer-sml-layout":"","ast-disable-related-posts":"","theme-transparent-header-meta":"","adv-header-id-meta":"","stick-header-meta":"","header-above-stick-meta":"","header-main-stick-meta":"","header-below-stick-meta":"","astra-migrate-meta-layouts":"set","ast-page-background-enabled":"default","ast-page-background-meta":{"desktop":{"background-color":"","background-image":"","background-repeat":"repeat","background-position":"center center","background-size":"auto","background-attachment":"scroll","background-type":"","background-media":"","overlay-type":"","overlay-color":"","overlay-opacity":"","overlay-gradient":""},"tablet":{"background-color":"","background-image":"","background-repeat":"repeat","background-position":"center center","background-size":"auto","background-attachment":"scroll","background-type":"","background-media":"","overlay-type":"","overlay-color":"","overlay-opacity":"","overlay-gradient":""},"mobile":{"background-color":"","background-image":"","background-repeat":"repeat","background-position":"center center","background-size":"auto","background-attachment":"scroll","background-type":"","background-media":"","overlay-type":"","overlay-color":"","overlay-opacity":"","overlay-gradient":""}},"ast-content-background-meta":{"desktop":{"background-color":"var(--ast-global-color-5)","background-image":"","background-repeat":"repeat","background-position":"center center","background-size":"auto","background-attachment":"scroll","background-type":"","background-media":"","overlay-type":"","overlay-color":"","overlay-opacity":"","overlay-gradient":""},"tablet":{"background-color":"var(--ast-global-color-5)","background-image":"","background-repeat":"repeat","background-position":"center center","background-size":"auto","background-attachment":"scroll","background-type":"","background-media":"","overlay-type":"","overlay-color":"","overlay-opacity":"","overlay-gradient":""},"mobile":{"background-color":"var(--ast-global-color-5)","background-image":"","background-repeat":"repeat","background-position":"center center","background-size":"auto","background-attachment":"scroll","background-type":"","background-media":"","overlay-type":"","overlay-color":"","overlay-opacity":"","overlay-gradient":""}},"footnotes":""},"class_list":["post-4683","page","type-page","status-publish","hentry"],"_links":{"self":[{"href":"https:\/\/campingclara.com\/fr\/wp-json\/wp\/v2\/pages\/4683","targetHints":{"allow":["GET"]}}],"collection":[{"href":"https:\/\/campingclara.com\/fr\/wp-json\/wp\/v2\/pages"}],"about":[{"href":"https:\/\/campingclara.com\/fr\/wp-json\/wp\/v2\/types\/page"}],"author":[{"embeddable":true,"href":"https:\/\/campingclara.com\/fr\/wp-json\/wp\/v2\/users\/6"}],"replies":[{"embeddable":true,"href":"https:\/\/campingclara.com\/fr\/wp-json\/wp\/v2\/comments?post=4683"}],"version-history":[{"count":1,"href":"https:\/\/campingclara.com\/fr\/wp-json\/wp\/v2\/pages\/4683\/revisions"}],"predecessor-version":[{"id":6220,"href":"https:\/\/campingclara.com\/fr\/wp-json\/wp\/v2\/pages\/4683\/revisions\/6220"}],"wp:attachment":[{"href":"https:\/\/campingclara.com\/fr\/wp-json\/wp\/v2\/media?parent=4683"}],"curies":[{"name":"wp","href":"https:\/\/api.w.org\/{rel}","templated":true}]}}